{"id":118,"date":"2019-05-11T15:39:51","date_gmt":"2019-05-11T15:39:51","guid":{"rendered":"https:\/\/pixxen.de\/?page_id=118"},"modified":"2023-05-13T10:27:45","modified_gmt":"2023-05-13T10:27:45","slug":"herzkinder","status":"publish","type":"page","link":"https:\/\/pixxen.de\/index.php\/unterstuetzer\/herzkinder\/","title":{"rendered":"Herzkinder"},"content":{"rendered":"\n<h2>Herzkinder OstFriesland e.V.<\/h2>\n\n\n\n<p>Seit den Anfangsjahren des Festivals geht ein Gro\u00dfteil der Spenden neben diversen Jugendorganisationen j\u00e4hrlich dem Verein Herzkinder Ostfriesland e.V. zu Gute. Der Verein steht als gemeinn\u00fctziger Selbsthilfeverein herzkranken Kindern und ihren Angeh\u00f6rigen \u00fcber die regionalen Grenzen Ostfrieslands hinaus mit Rat und Tat und vielf\u00e4ltiger Unterst\u00fctzung zur Seite. <\/p>\n\n\n\n<p>Der Verein wurde 2007 gegr\u00fcndet und seitdem unterst\u00fctzen wir den Verein. Viele der Herzkinder sind mittlerweile aktive Helfer in unserem Team, vom Handicap Herzfehler lassen sie sich nicht abhalten.<\/p>\n\n\n\n<figure class=\"wp-block-image\"><img loading=\"lazy\" width=\"960\" height=\"508\" src=\"https:\/\/pixxen.de\/wp-content\/uploads\/2019\/05\/23032879_1653559071341362_4555128949724562419_n.jpg\" alt=\"\" class=\"wp-image-119\" srcset=\"https:\/\/pixxen.de\/wp-content\/uploads\/2019\/05\/23032879_1653559071341362_4555128949724562419_n.jpg 960w, https:\/\/pixxen.de\/wp-content\/uploads\/2019\/05\/23032879_1653559071341362_4555128949724562419_n-350x185.jpg 350w, https:\/\/pixxen.de\/wp-content\/uploads\/2019\/05\/23032879_1653559071341362_4555128949724562419_n-300x159.jpg 300w, https:\/\/pixxen.de\/wp-content\/uploads\/2019\/05\/23032879_1653559071341362_4555128949724562419_n-768x406.jpg 768w\" sizes=\"(max-width: 767px) 89vw, (max-width: 1000px) 54vw, (max-width: 1071px) 543px, 580px\" \/><\/figure>\n\n\n\n<p>Jedes 100. Kind wird mit Herzfehler geboren. Nat\u00fcrlich k\u00fcmmert sich die Krankenkasse um die Finanzierung der medizinischen Versorgung, jedoch besteht das Risiko, dass die Kindheit, Jugend und das Familienleben auf der Strecke bleiben. Hier setzt der Verein Herzkinder ein und versucht Betroffene und ihre Familien zu unterst\u00fctzen. Von Anfang an hielten die Mitglieder vom Pixxen e.V. und dem Freshbeatzteam das Vereinsziel als unterst\u00fctzenswert. <\/p>\n\n\n\n<p>Man kann die oft angeborenen Herzfehler nicht ungeschehen machen, aber durch unsere Spende k\u00f6nnen wir den Kindern und ihren Familien das Leben ein bisschen sch\u00f6ner und einfacher machen. Dabei sind wir immer wieder begeistert von der Dankbarkeit des Vereins und der Mitglieder, welche uns auch beim Pixxen Festival unterst\u00fctzen. Sp\u00e4testens bei der j\u00e4hrlichen Weihnachtsfeier der Herzkinder sind daher Tr\u00e4nen garantiert.  <\/p>\n\n\n\n<p>Die Herzkinder sind seit einigen Jahren immer mit einem Infostand vor Ort und machen auf ihre Sache aufmerksam, verteilen aber haupts\u00e4chlich Geschenke und Spielzeug f\u00fcr unsere j\u00fcngeren G\u00e4ste.<\/p>\n\n\n\n<figure class=\"wp-block-image size-large\"><img loading=\"lazy\" width=\"1024\" height=\"651\" src=\"https:\/\/pixxen.de\/wp-content\/uploads\/2023\/05\/Pixxen_Herzkinder-1024x651.jpg\" alt=\"\" class=\"wp-image-6377\" srcset=\"https:\/\/pixxen.de\/wp-content\/uploads\/2023\/05\/Pixxen_Herzkinder-1024x651.jpg 1024w, https:\/\/pixxen.de\/wp-content\/uploads\/2023\/05\/Pixxen_Herzkinder-300x191.jpg 300w, https:\/\/pixxen.de\/wp-content\/uploads\/2023\/05\/Pixxen_Herzkinder-768x488.jpg 768w, https:\/\/pixxen.de\/wp-content\/uploads\/2023\/05\/Pixxen_Herzkinder-350x223.jpg 350w, https:\/\/pixxen.de\/wp-content\/uploads\/2023\/05\/Pixxen_Herzkinder.jpg 1200w\" sizes=\"(max-width: 767px) 89vw, (max-width: 1000px) 54vw, (max-width: 1071px) 543px, 580px\" \/><\/figure>\n\n\n\n<h2>Herzkinder &amp; Pixxen &#8211; Hand in Hand!<\/h2>\n","protected":false},"excerpt":{"rendered":"<p>Herzkinder OstFriesland e.V. Seit den Anfangsjahren des Festivals geht ein Gro\u00dfteil der Spenden neben diversen Jugendorganisationen j\u00e4hrlich dem Verein Herzkinder Ostfriesland e.V. zu Gute. Der Verein steht als gemeinn\u00fctziger Selbsthilfeverein herzkranken Kindern und ihren Angeh\u00f6rigen \u00fcber die regionalen Grenzen Ostfrieslands hinaus mit Rat und Tat und vielf\u00e4ltiger Unterst\u00fctzung zur Seite. Der Verein wurde 2007 gegr\u00fcndet &hellip; <\/p>\n<p class=\"link-more\"><a href=\"https:\/\/pixxen.de\/index.php\/unterstuetzer\/herzkinder\/\" class=\"more-link\"><span class=\"screen-reader-text\">\u201eHerzkinder\u201c<\/span> weiterlesen<\/a><\/p>\n","protected":false},"author":1,"featured_media":0,"parent":52,"menu_order":0,"comment_status":"closed","ping_status":"closed","template":"","meta":[],"_links":{"self":[{"href":"https:\/\/pixxen.de\/index.php\/wp-json\/wp\/v2\/pages\/118"}],"collection":[{"href":"https:\/\/pixxen.de\/index.php\/wp-json\/wp\/v2\/pages"}],"about":[{"href":"https:\/\/pixxen.de\/index.php\/wp-json\/wp\/v2\/types\/page"}],"author":[{"embeddable":true,"href":"https:\/\/pixxen.de\/index.php\/wp-json\/wp\/v2\/users\/1"}],"replies":[{"embeddable":true,"href":"https:\/\/pixxen.de\/index.php\/wp-json\/wp\/v2\/comments?post=118"}],"version-history":[{"count":3,"href":"https:\/\/pixxen.de\/index.php\/wp-json\/wp\/v2\/pages\/118\/revisions"}],"predecessor-version":[{"id":6378,"href":"https:\/\/pixxen.de\/index.php\/wp-json\/wp\/v2\/pages\/118\/revisions\/6378"}],"up":[{"embeddable":true,"href":"https:\/\/pixxen.de\/index.php\/wp-json\/wp\/v2\/pages\/52"}],"wp:attachment":[{"href":"https:\/\/pixxen.de\/index.php\/wp-json\/wp\/v2\/media?parent=118"}],"curies":[{"name":"wp","href":"https:\/\/api.w.org\/{rel}","templated":true}]}}