{"id":145,"date":"2019-05-11T15:46:36","date_gmt":"2019-05-11T15:46:36","guid":{"rendered":"https:\/\/pixxen.de\/?page_id=145"},"modified":"2025-08-25T09:53:20","modified_gmt":"2025-08-25T09:53:20","slug":"meilensteine","status":"publish","type":"page","link":"https:\/\/pixxen.de\/index.php\/verein\/meilensteine\/","title":{"rendered":"Meilensteine"},"content":{"rendered":"\n<p>In unserer Geschichte von 2005 bis heute gab es einige Meilensteine, die wir hier zur \u00dcbersicht darstellen wollen. Fast jedes Jahr wurden Neuerungen durchgesetzt oder Rekorde gebrochen. Es gab aber auch Tiefschl\u00e4ge und Niederlagen.<br>Um die zeitliche Einordnung leichter zu machen: Youtube ging auch 2005 online. Als die Planungen f\u00fcr das erste Festival  2009 begannen, kamen gerade die ersten Smartphones auf.<\/p>\n\n\n\n<div class=\"wp-block-columns has-2-columns\">\n<div class=\"wp-block-column\">\n<h2>2005<\/h2>\n<\/div>\n\n\n\n<div class=\"wp-block-column\">\n<p>Erste Fotos werden auf einem Freehoster hochgeladen unter dem Nutzerkonto &#8222;Pixen&#8220;. Die ersten privaten Pixenpartys findet in Gro\u00dfwolde und Nortmoor statt.  <\/p>\n<\/div>\n<\/div>\n\n\n\n<div class=\"wp-block-columns has-2-columns\">\n<div class=\"wp-block-column\">\n<h2>2007<\/h2>\n<\/div>\n\n\n\n<div class=\"wp-block-column\">\n<p>Eine Fotogalerie wird eingerichtet, die Seite zieht auf die Domain &#8222;Pixxen.de&#8220;.  Offizielle Bezeichnung als &#8222;Pixxen &#8211; Das Foto-&amp;Partyportal&#8220;.   Erste \u00f6ffentliche Parties finden in der Diskothek Limit in Ihrhove statt.  <\/p>\n<\/div>\n<\/div>\n\n\n\n<div class=\"wp-block-columns has-2-columns\">\n<div class=\"wp-block-column\">\n<h2>2010<\/h2>\n<\/div>\n\n\n\n<div class=\"wp-block-column\">\n<p>Das erste &#8222;Pixxen Festival&#8220; findet in Neukamperfehn statt, mit 13 Acts auf 1,5 B\u00fchnen und knapp 800 zahlenden Besuchern. Es entsteht ein Erl\u00f6s von knapp 1.500\u20ac. Ein halbes Jahr sp\u00e4ter findet das erste Pixxen in Concert statt. <\/p>\n<\/div>\n<\/div>\n\n\n\n<div class=\"wp-block-columns has-2-columns\">\n<div class=\"wp-block-column\">\n<h2>2013<\/h2>\n<\/div>\n\n\n\n<div class=\"wp-block-column\">\n<p>Nach dem 4. Pixxen Festival k\u00f6nnen 5.000\u20ac an <a href=\"https:\/\/pixxen.de\/index.php\/unterstuetzer\/herzkinder\/\">Herzkinder Ostfriesland<\/a> \u00fcbergeben werden. Ehrung durch die Samtgemeinde Hesel. <\/p>\n<\/div>\n<\/div>\n\n\n\n<div class=\"wp-block-columns has-2-columns\">\n<div class=\"wp-block-column\">\n<h2>2014<\/h2>\n<\/div>\n\n\n\n<div class=\"wp-block-column\">\n<p>Gr\u00fcndungsversammlung des Vereins &#8222;Pixxen e.V.&#8220;, anschlie\u00dfend gehts auf Bo\u00dfeltour. In diesem Jahr gibt es das erste Mal eine richtige <a href=\"https:\/\/pixxen.de\/index.php\/unterstuetzer\/freshbeatz\/\">Freshbeatz <\/a>B\u00fchne neben der Hauptb\u00fchne. <\/p>\n<\/div>\n<\/div>\n\n\n\n<div class=\"wp-block-columns has-2-columns\">\n<div class=\"wp-block-column\">\n<h2>2016<\/h2>\n<\/div>\n\n\n\n<div class=\"wp-block-column\">\n<p>Erstmals in der Geschichte des Vereins zwingt ein Unwetter zum Abbruch des Festivals. Le Fly spielen trotz Stromausfall einfach weiter.  \u00dcber 3.000 Besucher sorgen f\u00fcr 8.500\u20ac Spenden. <\/p>\n<\/div>\n<\/div>\n\n\n\n<div class=\"wp-block-columns has-2-columns\">\n<div class=\"wp-block-column\">\n<h2>2017<\/h2>\n<\/div>\n\n\n\n<div class=\"wp-block-column\">\n<p>Die Biergartenb\u00fchne wird geboren, es gibt mit 3.600 Besuchern und einer Spende von 10.000\u20ac neue Rekorde. Die Galerie wird Archiv mit \u00fcber 100.000 Fotos von \u00fcber 1.000 Veranstaltungen.  Nominierung f\u00fcr den Preis &#8222;Herzhelden&#8220;.<\/p>\n<\/div>\n<\/div>\n\n\n\n<div class=\"wp-block-columns has-2-columns\">\n<div class=\"wp-block-column\">\n<h2>2019<\/h2>\n<\/div>\n\n\n\n<div class=\"wp-block-column\">\n<p>Das Pixxen Festival feiert sein 10-j\u00e4hriges Jubil\u00e4um! Ein neuer Besucherrekord mit 4.000 Leuten wird aufgestellt. Ebenso gibt es eine Rekordspende von 15.000\u20ac.<\/p>\n<\/div>\n<\/div>\n\n\n\n<div class=\"wp-block-group\"><div class=\"wp-block-group__inner-container\">\n<div class=\"wp-block-columns\">\n<div class=\"wp-block-column\">\n<h2>2025<\/h2>\n<\/div>\n\n\n\n<div class=\"wp-block-column\">\n<p>Das 15. Pixxen Festival geht mit rund 1.500 Besuchern und neuer Gel\u00e4ndeaufteilung \u00fcber wieder 2 B\u00fchnen.<\/p>\n<\/div>\n<\/div>\n<\/div><\/div>\n","protected":false},"excerpt":{"rendered":"<p>In unserer Geschichte von 2005 bis heute gab es einige Meilensteine, die wir hier zur \u00dcbersicht darstellen wollen. Fast jedes Jahr wurden Neuerungen durchgesetzt oder Rekorde gebrochen. Es gab aber auch Tiefschl\u00e4ge und Niederlagen.Um die zeitliche Einordnung leichter zu machen: Youtube ging auch 2005 online. Als die Planungen f\u00fcr das erste Festival 2009 begannen, kamen &hellip; <\/p>\n<p class=\"link-more\"><a href=\"https:\/\/pixxen.de\/index.php\/verein\/meilensteine\/\" class=\"more-link\"><span class=\"screen-reader-text\">\u201eMeilensteine\u201c<\/span> weiterlesen<\/a><\/p>\n","protected":false},"author":1,"featured_media":0,"parent":121,"menu_order":0,"comment_status":"closed","ping_status":"closed","template":"","meta":[],"_links":{"self":[{"href":"https:\/\/pixxen.de\/index.php\/wp-json\/wp\/v2\/pages\/145"}],"collection":[{"href":"https:\/\/pixxen.de\/index.php\/wp-json\/wp\/v2\/pages"}],"about":[{"href":"https:\/\/pixxen.de\/index.php\/wp-json\/wp\/v2\/types\/page"}],"author":[{"embeddable":true,"href":"https:\/\/pixxen.de\/index.php\/wp-json\/wp\/v2\/users\/1"}],"replies":[{"embeddable":true,"href":"https:\/\/pixxen.de\/index.php\/wp-json\/wp\/v2\/comments?post=145"}],"version-history":[{"count":10,"href":"https:\/\/pixxen.de\/index.php\/wp-json\/wp\/v2\/pages\/145\/revisions"}],"predecessor-version":[{"id":6689,"href":"https:\/\/pixxen.de\/index.php\/wp-json\/wp\/v2\/pages\/145\/revisions\/6689"}],"up":[{"embeddable":true,"href":"https:\/\/pixxen.de\/index.php\/wp-json\/wp\/v2\/pages\/121"}],"wp:attachment":[{"href":"https:\/\/pixxen.de\/index.php\/wp-json\/wp\/v2\/media?parent=145"}],"curies":[{"name":"wp","href":"https:\/\/api.w.org\/{rel}","templated":true}]}}