{"id":22,"date":"2019-05-11T14:57:45","date_gmt":"2019-05-11T14:57:45","guid":{"rendered":"https:\/\/pixxen.de\/?page_id=22"},"modified":"2023-05-09T20:47:59","modified_gmt":"2023-05-09T20:47:59","slug":"essen-trinken","status":"publish","type":"page","link":"https:\/\/pixxen.de\/index.php\/festival\/essen-trinken\/","title":{"rendered":"Essen &#038; Trinken"},"content":{"rendered":"\n<p>Zun\u00e4chst einmal f\u00fcr uns als Festivalenthusiasten: Es gibt weder Chips, noch Wertmarken. Bei uns ist der Euro genauso viel wert wie vor der T\u00fcr, kein l\u00e4stiges Schlangestehen oder Umgetausche n\u00f6tig. <\/p>\n\n\n\n<p>Es gibt in Neukamperfehn keinen Geldautomaten (daf\u00fcr aber Schule, Kirche, Kindergarten, Sportverein, Gewerbegebiet, und vieles mehr!), also bringt gen\u00fcgend Bargeld mit. <\/p>\n\n\n\n<p>Unsere Preisgestaltung kann mit jeder normalen Kneipe mithalten und auch das Essen wird euch nicht in den Ruin treiben. Wir wollen schlie\u00dflich, dass jeder am kulturellen Leben teilhaben kann! Aber auch an uns ist leider nicht vorbeigegangen, dass ein Fass Bier seit 2010 seinen Preis verdoppelt hat.<\/p>\n\n\n\n<p>Wir stellen euch gerade ein nettes Food Line-up zusammen. Folgt uns auf <a rel=\"noreferrer noopener\" href=\"https:\/\/www.facebook.com\/Pixxenfestival\" target=\"_blank\">Facebook <\/a>oder <a rel=\"noreferrer noopener\" href=\"https:\/\/www.instagram.com\/pixxen.de\/\" target=\"_blank\">Instagram<\/a>, um auch hier auf dem Laufenden zu bleiben.<\/p>\n","protected":false},"excerpt":{"rendered":"<p>Zun\u00e4chst einmal f\u00fcr uns als Festivalenthusiasten: Es gibt weder Chips, noch Wertmarken. Bei uns ist der Euro genauso viel wert wie vor der T\u00fcr, kein l\u00e4stiges Schlangestehen oder Umgetausche n\u00f6tig. Es gibt in Neukamperfehn keinen Geldautomaten (daf\u00fcr aber Schule, Kirche, Kindergarten, Sportverein, Gewerbegebiet, und vieles mehr!), also bringt gen\u00fcgend Bargeld mit. Unsere Preisgestaltung kann mit &hellip; <\/p>\n<p class=\"link-more\"><a href=\"https:\/\/pixxen.de\/index.php\/festival\/essen-trinken\/\" class=\"more-link\"><span class=\"screen-reader-text\">\u201eEssen &#038; Trinken\u201c<\/span> weiterlesen<\/a><\/p>\n","protected":false},"author":1,"featured_media":0,"parent":16,"menu_order":0,"comment_status":"closed","ping_status":"closed","template":"","meta":[],"_links":{"self":[{"href":"https:\/\/pixxen.de\/index.php\/wp-json\/wp\/v2\/pages\/22"}],"collection":[{"href":"https:\/\/pixxen.de\/index.php\/wp-json\/wp\/v2\/pages"}],"about":[{"href":"https:\/\/pixxen.de\/index.php\/wp-json\/wp\/v2\/types\/page"}],"author":[{"embeddable":true,"href":"https:\/\/pixxen.de\/index.php\/wp-json\/wp\/v2\/users\/1"}],"replies":[{"embeddable":true,"href":"https:\/\/pixxen.de\/index.php\/wp-json\/wp\/v2\/comments?post=22"}],"version-history":[{"count":12,"href":"https:\/\/pixxen.de\/index.php\/wp-json\/wp\/v2\/pages\/22\/revisions"}],"predecessor-version":[{"id":6331,"href":"https:\/\/pixxen.de\/index.php\/wp-json\/wp\/v2\/pages\/22\/revisions\/6331"}],"up":[{"embeddable":true,"href":"https:\/\/pixxen.de\/index.php\/wp-json\/wp\/v2\/pages\/16"}],"wp:attachment":[{"href":"https:\/\/pixxen.de\/index.php\/wp-json\/wp\/v2\/media?parent=22"}],"curies":[{"name":"wp","href":"https:\/\/api.w.org\/{rel}","templated":true}]}}