{"id":28,"date":"2019-05-11T14:58:54","date_gmt":"2019-05-11T14:58:54","guid":{"rendered":"https:\/\/pixxen.de\/?page_id=28"},"modified":"2025-06-01T08:39:32","modified_gmt":"2025-06-01T08:39:32","slug":"line-up","status":"publish","type":"page","link":"https:\/\/pixxen.de\/index.php\/festival\/line-up\/","title":{"rendered":"Line-Up"},"content":{"rendered":"\n<p>F\u00fcr unsere 15. Jubil\u00e4umsausgabe unseres Festivals konnten wir wieder einige gro\u00dfartige K\u00fcnstler:innen verpflichten! <\/p>\n\n\n\n<div class=\"wp-block-media-text alignwide has-media-on-the-right is-stacked-on-mobile\"><figure class=\"wp-block-media-text__media\"><img loading=\"lazy\" width=\"822\" height=\"1024\" src=\"https:\/\/pixxen.de\/wp-content\/uploads\/2025\/06\/491444901_18404160115097325_496743343479332044_n-822x1024.jpg\" alt=\"\" class=\"wp-image-6657 size-full\" srcset=\"https:\/\/pixxen.de\/wp-content\/uploads\/2025\/06\/491444901_18404160115097325_496743343479332044_n-822x1024.jpg 822w, https:\/\/pixxen.de\/wp-content\/uploads\/2025\/06\/491444901_18404160115097325_496743343479332044_n-241x300.jpg 241w, https:\/\/pixxen.de\/wp-content\/uploads\/2025\/06\/491444901_18404160115097325_496743343479332044_n-768x957.jpg 768w, https:\/\/pixxen.de\/wp-content\/uploads\/2025\/06\/491444901_18404160115097325_496743343479332044_n-1232x1536.jpg 1232w, https:\/\/pixxen.de\/wp-content\/uploads\/2025\/06\/491444901_18404160115097325_496743343479332044_n.jpg 1347w\" sizes=\"(max-width: 767px) 89vw, (max-width: 1000px) 54vw, (max-width: 1071px) 543px, 580px\" \/><\/figure><div class=\"wp-block-media-text__content\">\n<p>STEELLEEL sind zur\u00fcck \u2013 und wie immer unsere Ersten im Becken!<\/p>\n\n\n\n<p>Seit Jahren er\u00f6ffnen sie das Pixxen-Festival, und wir h\u00e4tten\u2019s auch dieses Jahr nicht anders gewollt.<br>Hard, laut, glitschig: Fish-Metal vom Feinsten.<\/p>\n\n\n\n<p>Markiert eure Gang \u2013 und sichert euch lieber heute Aals morgen ein Ticket!<\/p>\n\n\n\n<p>Wer da nicht tanzt hat Festivals nicht verstanden.<\/p>\n<\/div><\/div>\n\n\n\n<div class=\"wp-block-media-text alignwide is-stacked-on-mobile\"><figure class=\"wp-block-media-text__media\"><img loading=\"lazy\" width=\"822\" height=\"1024\" src=\"https:\/\/pixxen.de\/wp-content\/uploads\/2025\/06\/491417786_18404711167097325_4882317422511125444_n-822x1024.jpg\" alt=\"\" class=\"wp-image-6656 size-full\" srcset=\"https:\/\/pixxen.de\/wp-content\/uploads\/2025\/06\/491417786_18404711167097325_4882317422511125444_n-822x1024.jpg 822w, https:\/\/pixxen.de\/wp-content\/uploads\/2025\/06\/491417786_18404711167097325_4882317422511125444_n-241x300.jpg 241w, https:\/\/pixxen.de\/wp-content\/uploads\/2025\/06\/491417786_18404711167097325_4882317422511125444_n-768x957.jpg 768w, https:\/\/pixxen.de\/wp-content\/uploads\/2025\/06\/491417786_18404711167097325_4882317422511125444_n-1232x1536.jpg 1232w, https:\/\/pixxen.de\/wp-content\/uploads\/2025\/06\/491417786_18404711167097325_4882317422511125444_n.jpg 1347w\" sizes=\"(max-width: 767px) 89vw, (max-width: 1000px) 54vw, (max-width: 1071px) 543px, 580px\" \/><\/figure><div class=\"wp-block-media-text__content\">\n<p>PASTOR GERALD<br>Wenn Punk Gott ist, sind die hier seine besten Missionare.<br>Mit einem Sound irgendwo zwischen Kirchturm und K\u00fcstenwind nehmen sie euch mit auf eine Reise durch r\u00f6hrende Riffs, brachiale Basslines und punchlinefeste Gesellschaftskritik.<\/p>\n\n\n\n<p>Was als Sch\u00fclerband begann, ist heute eine explosive Mischung aus Humor, Haltung und richtig viel Herz.<br>Denn wer Songs wie \u201eAllgemeine Eichel-Kontrolle\u201c oder \u201eFDP hat Sexverbot\u201c schreibt, wei\u00df: Ernst wird\u2019s nur, wenn\u2019s sein muss. Alles andere ist zum Mitschreien.<\/p>\n\n\n\n<p>Pixxen 2025 wird gepogt. Halleluja.<\/p>\n<\/div><\/div>\n\n\n\n<div class=\"wp-block-media-text alignwide has-media-on-the-right is-stacked-on-mobile\"><figure class=\"wp-block-media-text__media\"><img loading=\"lazy\" width=\"822\" height=\"1024\" src=\"https:\/\/pixxen.de\/wp-content\/uploads\/2025\/06\/491444127_18405121396097325_5261302821729786746_n-822x1024.jpg\" alt=\"\" class=\"wp-image-6655 size-full\" srcset=\"https:\/\/pixxen.de\/wp-content\/uploads\/2025\/06\/491444127_18405121396097325_5261302821729786746_n-822x1024.jpg 822w, https:\/\/pixxen.de\/wp-content\/uploads\/2025\/06\/491444127_18405121396097325_5261302821729786746_n-241x300.jpg 241w, https:\/\/pixxen.de\/wp-content\/uploads\/2025\/06\/491444127_18405121396097325_5261302821729786746_n-768x957.jpg 768w, https:\/\/pixxen.de\/wp-content\/uploads\/2025\/06\/491444127_18405121396097325_5261302821729786746_n-1232x1536.jpg 1232w, https:\/\/pixxen.de\/wp-content\/uploads\/2025\/06\/491444127_18405121396097325_5261302821729786746_n.jpg 1347w\" sizes=\"(max-width: 767px) 89vw, (max-width: 1000px) 54vw, (max-width: 1071px) 543px, 580px\" \/><\/figure><div class=\"wp-block-media-text__content\">\n<p>Inhale The Void \u2013 melodischer Death Metal trifft auf fette Riffs und ganz gro\u00dfe Gef\u00fchle.<br>Wer braucht schon Licht, wenn man die Dunkelheit so sch\u00f6n vertonen kann?<\/p>\n\n\n\n<p>Mit ihrem Album I Believe In Nothing haben sie gezeigt, wie d\u00fcster, eing\u00e4ngig und emotional diese Musik sein kann \u2013 und dieses Jahr bringen sie genau diesen Sound aufs Pixxen.<br>Jinjer-Vibes? Check. Ohrwurm-Melodien? Auch.<\/p>\n\n\n\n<p>Moshpit? Fragt lieber nicht \u2013 ihr werdet ihn sp\u00fcren.<\/p>\n<\/div><\/div>\n\n\n\n<div class=\"wp-block-media-text alignwide is-stacked-on-mobile\"><figure class=\"wp-block-media-text__media\"><img loading=\"lazy\" width=\"822\" height=\"1024\" src=\"https:\/\/pixxen.de\/wp-content\/uploads\/2025\/06\/495544835_18405687577097325_3469862830365022845_n-822x1024.jpg\" alt=\"\" class=\"wp-image-6654 size-full\" srcset=\"https:\/\/pixxen.de\/wp-content\/uploads\/2025\/06\/495544835_18405687577097325_3469862830365022845_n-822x1024.jpg 822w, https:\/\/pixxen.de\/wp-content\/uploads\/2025\/06\/495544835_18405687577097325_3469862830365022845_n-241x300.jpg 241w, https:\/\/pixxen.de\/wp-content\/uploads\/2025\/06\/495544835_18405687577097325_3469862830365022845_n-768x957.jpg 768w, https:\/\/pixxen.de\/wp-content\/uploads\/2025\/06\/495544835_18405687577097325_3469862830365022845_n-1232x1536.jpg 1232w, https:\/\/pixxen.de\/wp-content\/uploads\/2025\/06\/495544835_18405687577097325_3469862830365022845_n.jpg 1347w\" sizes=\"(max-width: 767px) 89vw, (max-width: 1000px) 54vw, (max-width: 1071px) 543px, 580px\" \/><\/figure><div class=\"wp-block-media-text__content\">\n<p>DNJVN \u2013 Die netten Jungs von nebenan<br>Zweimal haben sie bei uns schon abgeliefert \u2013 und dieses Jahr f\u00fchlt sich\u2019s weniger nach Booking, mehr nach Heimspiel an.<br>DNJVN aus Ratingen mischen seit Jahren alles auf, was zwischen Montreal, Turbostaat und Festivalbier groovt.<br>Bl\u00e4serpunk, der nicht nervt. Texte, die treffen. Und ein Vibe, der sich anf\u00fchlt wie: \u201eKomm, wir machen noch eine Runde!\u201c<\/p>\n\n\n\n<p>Das aktuelle Album \u201eDanke, reicht\u201c kennt ihr vielleicht schon \u2013 wir sagen trotzdem: \u201eNe, reicht noch nicht!\u201c<br>2025 geht noch was. Mit euch. Mit uns. Mit DNJVN.<\/p>\n<\/div><\/div>\n\n\n\n<div class=\"wp-block-media-text alignwide has-media-on-the-right is-stacked-on-mobile\"><figure class=\"wp-block-media-text__media\"><img loading=\"lazy\" width=\"822\" height=\"1024\" src=\"https:\/\/pixxen.de\/wp-content\/uploads\/2025\/06\/495651946_18406093978097325_8866596146647613803_n-822x1024.jpg\" alt=\"\" class=\"wp-image-6653 size-full\" srcset=\"https:\/\/pixxen.de\/wp-content\/uploads\/2025\/06\/495651946_18406093978097325_8866596146647613803_n-822x1024.jpg 822w, https:\/\/pixxen.de\/wp-content\/uploads\/2025\/06\/495651946_18406093978097325_8866596146647613803_n-241x300.jpg 241w, https:\/\/pixxen.de\/wp-content\/uploads\/2025\/06\/495651946_18406093978097325_8866596146647613803_n-768x957.jpg 768w, https:\/\/pixxen.de\/wp-content\/uploads\/2025\/06\/495651946_18406093978097325_8866596146647613803_n-1232x1536.jpg 1232w, https:\/\/pixxen.de\/wp-content\/uploads\/2025\/06\/495651946_18406093978097325_8866596146647613803_n.jpg 1347w\" sizes=\"(max-width: 767px) 89vw, (max-width: 1000px) 54vw, (max-width: 1071px) 543px, 580px\" \/><\/figure><div class=\"wp-block-media-text__content\">\n<p>GUTE ZEITEN<br>Diese vier Typen haben Pop-Punk, Akkordeon und gute Laune hart verdrahtet \u2013 und liefern damit den Soundtrack f\u00fcr alles, was besser ist als Alltag.<br>Sie nennen sich \u201eRock\u2019n\u2019Roll Startup\u201c, wir nennen sie: das Feier-Upgrade 3000.<\/p>\n\n\n\n<p>Mit Songs zwischen Eskalation und Emotion, Festivalhumor und Freundschaftsgef\u00fchlen heizen sie euch 2025 erstmals beim Pixxen so richtig ein.<br>Ihre Songs sind der Soundtrack f\u00fcr alle, die lieber tanzen als gr\u00fcbeln \u2013 und ihre Liveshows f\u00fchlen sich an wie Urlaub mit der besten Gang, die man sich vorstellen kann.<\/p>\n<\/div><\/div>\n\n\n\n<div class=\"wp-block-media-text alignwide is-stacked-on-mobile\"><figure class=\"wp-block-media-text__media\"><img loading=\"lazy\" width=\"822\" height=\"1024\" src=\"https:\/\/pixxen.de\/wp-content\/uploads\/2025\/06\/496864123_18406678960097325_7449939843420583611_n-822x1024.jpg\" alt=\"\" class=\"wp-image-6652 size-full\" srcset=\"https:\/\/pixxen.de\/wp-content\/uploads\/2025\/06\/496864123_18406678960097325_7449939843420583611_n-822x1024.jpg 822w, https:\/\/pixxen.de\/wp-content\/uploads\/2025\/06\/496864123_18406678960097325_7449939843420583611_n-241x300.jpg 241w, https:\/\/pixxen.de\/wp-content\/uploads\/2025\/06\/496864123_18406678960097325_7449939843420583611_n-768x957.jpg 768w, https:\/\/pixxen.de\/wp-content\/uploads\/2025\/06\/496864123_18406678960097325_7449939843420583611_n-1232x1536.jpg 1232w, https:\/\/pixxen.de\/wp-content\/uploads\/2025\/06\/496864123_18406678960097325_7449939843420583611_n.jpg 1347w\" sizes=\"(max-width: 767px) 89vw, (max-width: 1000px) 54vw, (max-width: 1071px) 543px, 580px\" \/><\/figure><div class=\"wp-block-media-text__content\">\n<p>REMOTE BONDAGE machen Pop mit Haltung, Punk mit Augenzwinkern \u2013 und Texte, die dem Patriarchat das Bier aus der Hand schlagen.<\/p>\n\n\n\n<p>Zwischen Grunge, Glitzer und Grenzgang bleibt kein Thema unangetastet und keine B\u00fchne ungebrochen.<br>Wer hier mitsingt, sagt nicht nur \u201eja\u201c zur Liebe, sondern auch \u201enein\u201c zum ganzen Rest, der uns kleinhalten will.<\/p>\n\n\n\n<p>Es wird gef\u00fchlt, geschrien, gefeiert \u2013 mit glasklarem:<br>\u201eFickt euch, wir tanzen jetzt.\u201c<\/p>\n\n\n\n<p>Sie kommen rein, ihr flippt aus und verlasst das Feld mit glitzernden Augen und neuen Lieblingsmenschen an der Hand.<\/p>\n<\/div><\/div>\n\n\n\n<div class=\"wp-block-media-text alignwide has-media-on-the-right is-stacked-on-mobile\"><figure class=\"wp-block-media-text__media\"><img loading=\"lazy\" width=\"822\" height=\"1024\" src=\"https:\/\/pixxen.de\/wp-content\/uploads\/2025\/06\/497756541_18407089315097325_3360687157162236802_n-822x1024.jpg\" alt=\"\" class=\"wp-image-6651 size-full\" srcset=\"https:\/\/pixxen.de\/wp-content\/uploads\/2025\/06\/497756541_18407089315097325_3360687157162236802_n-822x1024.jpg 822w, https:\/\/pixxen.de\/wp-content\/uploads\/2025\/06\/497756541_18407089315097325_3360687157162236802_n-241x300.jpg 241w, https:\/\/pixxen.de\/wp-content\/uploads\/2025\/06\/497756541_18407089315097325_3360687157162236802_n-768x957.jpg 768w, https:\/\/pixxen.de\/wp-content\/uploads\/2025\/06\/497756541_18407089315097325_3360687157162236802_n-1232x1536.jpg 1232w, https:\/\/pixxen.de\/wp-content\/uploads\/2025\/06\/497756541_18407089315097325_3360687157162236802_n.jpg 1347w\" sizes=\"(max-width: 767px) 89vw, (max-width: 1000px) 54vw, (max-width: 1071px) 543px, 580px\" \/><\/figure><div class=\"wp-block-media-text__content\">\n<p>MANDELKOKAINSCHNAPS<br>Nein, das ist kein Warnhinweis \u2013 das ist ein Versprechen.<\/p>\n\n\n\n<p>Wenn Wenke &amp; ihre glitzernde Gang die B\u00fchne betreten, wird der Abend zur Abrissbirne mit Herz.<br>Zwischen rotzigen Rockriffs, Synthie-Sperrfeuer und feministischer Feuerrede tanzen MKS barfu\u00df auf jedem Klischee \u2013 und z\u00fcnden es an.<\/p>\n\n\n\n<p>Sie sind laut, sie sind viel, sie sind vorbei an jeder Schublade \u2013 und genau deshalb so verdammt wichtig.<br>Mal balladig mit G\u00e4nsehaut, mal w\u00fctend mit Punchline \u2013 aber immer 100\u202f% echt.<\/p>\n\n\n\n<p>Wer nach einem MKS-Gig nicht verschwitzt, verliebt oder emp\u00f6rt nach Hause geht, war einfach auf dem falschen Konzert.<br>Markiert eure pinke Revolution \u2013 denn hier gibt\u2019s kein Vielleicht, nur Vollgas.<\/p>\n<\/div><\/div>\n\n\n\n<div class=\"wp-block-media-text alignwide is-stacked-on-mobile\"><figure class=\"wp-block-media-text__media\"><img loading=\"lazy\" width=\"822\" height=\"1024\" src=\"https:\/\/pixxen.de\/wp-content\/uploads\/2025\/06\/499422602_18407667169097325_5701722404821380246_n-822x1024.jpg\" alt=\"\" class=\"wp-image-6650 size-full\" srcset=\"https:\/\/pixxen.de\/wp-content\/uploads\/2025\/06\/499422602_18407667169097325_5701722404821380246_n-822x1024.jpg 822w, https:\/\/pixxen.de\/wp-content\/uploads\/2025\/06\/499422602_18407667169097325_5701722404821380246_n-241x300.jpg 241w, https:\/\/pixxen.de\/wp-content\/uploads\/2025\/06\/499422602_18407667169097325_5701722404821380246_n-768x957.jpg 768w, https:\/\/pixxen.de\/wp-content\/uploads\/2025\/06\/499422602_18407667169097325_5701722404821380246_n-1232x1536.jpg 1232w, https:\/\/pixxen.de\/wp-content\/uploads\/2025\/06\/499422602_18407667169097325_5701722404821380246_n.jpg 1347w\" sizes=\"(max-width: 767px) 89vw, (max-width: 1000px) 54vw, (max-width: 1071px) 543px, 580px\" \/><\/figure><div class=\"wp-block-media-text__content\">\n<p>\u201eIt\u2019s the best time to create something new.\u201c<br>Vier Musiker, eine klare Mission: Altes loslassen. Neues wagen.<br>LET YOUR MEMORIES GO stehen f\u00fcr Musik, die nicht nach Schuldigen sucht \u2013 sondern nach Ver\u00e4nderung bei sich selbst.<br>Mitten aus Ostfriesland, inspiriert von Bands wie Karnivool und Alter Bridge, aber mit eigenem Sound irgendwo zwischen Metal und melodischem Alternative Rock.<\/p>\n\n\n\n<p>Ihre Songs sind keine Parolen, sondern Einladung zur Reflexion \u2013 ehrlich, intensiv und kraftvoll.<br>In \u201eLeader\u201c hei\u00dft es: \u201eI won\u2019t be lost without leaders.\u201c Kein Pathos, kein Zeigefinger. Nur die klare Botschaft: Du bist verantwortlich. F\u00fcr dich. F\u00fcr deinen Weg.<\/p>\n\n\n\n<p>2023 gegr\u00fcndet \u2013 2025 auf der PIXXEN-B\u00fchne.<\/p>\n<\/div><\/div>\n\n\n\n<div class=\"wp-block-media-text alignwide has-media-on-the-right is-stacked-on-mobile\"><figure class=\"wp-block-media-text__media\"><img loading=\"lazy\" width=\"822\" height=\"1024\" src=\"https:\/\/pixxen.de\/wp-content\/uploads\/2025\/06\/499760871_18408085039097325_8453862410593633157_n-822x1024.jpg\" alt=\"\" class=\"wp-image-6649 size-full\" srcset=\"https:\/\/pixxen.de\/wp-content\/uploads\/2025\/06\/499760871_18408085039097325_8453862410593633157_n-822x1024.jpg 822w, https:\/\/pixxen.de\/wp-content\/uploads\/2025\/06\/499760871_18408085039097325_8453862410593633157_n-241x300.jpg 241w, https:\/\/pixxen.de\/wp-content\/uploads\/2025\/06\/499760871_18408085039097325_8453862410593633157_n-768x957.jpg 768w, https:\/\/pixxen.de\/wp-content\/uploads\/2025\/06\/499760871_18408085039097325_8453862410593633157_n-1232x1536.jpg 1232w, https:\/\/pixxen.de\/wp-content\/uploads\/2025\/06\/499760871_18408085039097325_8453862410593633157_n.jpg 1347w\" sizes=\"(max-width: 767px) 89vw, (max-width: 1000px) 54vw, (max-width: 1071px) 543px, 580px\" \/><\/figure><div class=\"wp-block-media-text__content\">\n<p>PFRANK<\/p>\n\n\n\n<p>Wenn der Tag langsam ausklingt, sorgt PFRANK daf\u00fcr, dass euch garantiert nicht die Puste ausgeht.<br>Techno. House. Und richtig viel Wumms.<br>Freshbeatz &amp; PIXXEN \u2013 das ist wie Bass und Blitzlicht: geh\u00f6rt einfach zusammen.<\/p>\n\n\n\n<p>PFRANK kennt den Platz, kennt den Pegel, kennt den Moment, wenn keiner mehr kann \u2013<br>und alle trotzdem noch bleiben.<br>Was dann passiert?<br>Party-Modus auf Endstufe.<\/p>\n\n\n\n<p>Und wer denkt, das war\u2019s schon \u2013 sollte nicht zu fr\u00fch vom Acker schleichen.<\/p>\n<\/div><\/div>\n\n\n\n<div class=\"wp-block-media-text alignwide is-stacked-on-mobile\"><figure class=\"wp-block-media-text__media\"><img loading=\"lazy\" width=\"822\" height=\"1024\" src=\"https:\/\/pixxen.de\/wp-content\/uploads\/2025\/06\/500642460_18408678781097325_7756937772045207415_n-822x1024.jpg\" alt=\"\" class=\"wp-image-6647 size-full\" srcset=\"https:\/\/pixxen.de\/wp-content\/uploads\/2025\/06\/500642460_18408678781097325_7756937772045207415_n-822x1024.jpg 822w, https:\/\/pixxen.de\/wp-content\/uploads\/2025\/06\/500642460_18408678781097325_7756937772045207415_n-241x300.jpg 241w, https:\/\/pixxen.de\/wp-content\/uploads\/2025\/06\/500642460_18408678781097325_7756937772045207415_n-768x957.jpg 768w, https:\/\/pixxen.de\/wp-content\/uploads\/2025\/06\/500642460_18408678781097325_7756937772045207415_n-1232x1536.jpg 1232w, https:\/\/pixxen.de\/wp-content\/uploads\/2025\/06\/500642460_18408678781097325_7756937772045207415_n.jpg 1347w\" sizes=\"(max-width: 767px) 89vw, (max-width: 1000px) 54vw, (max-width: 1071px) 543px, 580px\" \/><\/figure><div class=\"wp-block-media-text__content\">\n<p>NEVA FADED<\/p>\n\n\n\n<p>Der letzte Name. Der letzte Drop. Der Moment, wo alles kippt.<\/p>\n\n\n\n<p>NEVA FADED ist zur\u00fcck \u2013<br>seit 2014 ein fester Beat in der Pixxen-Geschichte<br>und dieses Jahr der Typ, der euch mit Drum\u2019n\u2019Bass Richtung Feierabend schleudert.<\/p>\n\n\n\n<p>Was damals auf der kleinen Elektro-Stage begann,<br>endet jetzt in einem Finale mit Vollgas.<\/p>\n<\/div><\/div>\n","protected":false},"excerpt":{"rendered":"<p>F\u00fcr unsere 15. Jubil\u00e4umsausgabe unseres Festivals konnten wir wieder einige gro\u00dfartige K\u00fcnstler:innen verpflichten! STEELLEEL sind zur\u00fcck \u2013 und wie immer unsere Ersten im Becken! Seit Jahren er\u00f6ffnen sie das Pixxen-Festival, und wir h\u00e4tten\u2019s auch dieses Jahr nicht anders gewollt.Hard, laut, glitschig: Fish-Metal vom Feinsten. Markiert eure Gang \u2013 und sichert euch lieber heute Aals morgen &hellip; <\/p>\n<p class=\"link-more\"><a href=\"https:\/\/pixxen.de\/index.php\/festival\/line-up\/\" class=\"more-link\"><span class=\"screen-reader-text\">\u201eLine-Up\u201c<\/span> weiterlesen<\/a><\/p>\n","protected":false},"author":1,"featured_media":0,"parent":16,"menu_order":0,"comment_status":"closed","ping_status":"closed","template":"","meta":[],"_links":{"self":[{"href":"https:\/\/pixxen.de\/index.php\/wp-json\/wp\/v2\/pages\/28"}],"collection":[{"href":"https:\/\/pixxen.de\/index.php\/wp-json\/wp\/v2\/pages"}],"about":[{"href":"https:\/\/pixxen.de\/index.php\/wp-json\/wp\/v2\/types\/page"}],"author":[{"embeddable":true,"href":"https:\/\/pixxen.de\/index.php\/wp-json\/wp\/v2\/users\/1"}],"replies":[{"embeddable":true,"href":"https:\/\/pixxen.de\/index.php\/wp-json\/wp\/v2\/comments?post=28"}],"version-history":[{"count":34,"href":"https:\/\/pixxen.de\/index.php\/wp-json\/wp\/v2\/pages\/28\/revisions"}],"predecessor-version":[{"id":6658,"href":"https:\/\/pixxen.de\/index.php\/wp-json\/wp\/v2\/pages\/28\/revisions\/6658"}],"up":[{"embeddable":true,"href":"https:\/\/pixxen.de\/index.php\/wp-json\/wp\/v2\/pages\/16"}],"wp:attachment":[{"href":"https:\/\/pixxen.de\/index.php\/wp-json\/wp\/v2\/media?parent=28"}],"curies":[{"name":"wp","href":"https:\/\/api.w.org\/{rel}","templated":true}]}}