{"id":30,"date":"2019-05-11T14:59:49","date_gmt":"2019-05-11T14:59:49","guid":{"rendered":"https:\/\/pixxen.de\/?page_id=30"},"modified":"2023-05-13T10:48:52","modified_gmt":"2023-05-13T10:48:52","slug":"platzordnung","status":"publish","type":"page","link":"https:\/\/pixxen.de\/index.php\/festival\/platzordnung\/","title":{"rendered":"Platzordnung"},"content":{"rendered":"\n<p>Wo gehobelt wird, fallen Sp\u00e4ne? Muss nicht sein. <br>Frei nach dem Motto  &#8222;Wir sind hier nicht in Vietnam, hier gibt es Regeln!&#8220; gibt es ein paar Rahmenbedingungen, an die sich alle halten m\u00fcssen, damit alles friedlich abl\u00e4uft.<\/p>\n\n\n\n<ol type=\"1\"><li>Diese Platzordnung gilt f\u00fcr das gesamte Festivalgel\u00e4nde Festplatz Neukamperfehn<\/li><li>Der Veranstalter Pixxen e.V. haftet nicht f\u00fcr Sach- und K\u00f6rpersch\u00e4den; Besuch des Festivals auf eigene Gefahr.<\/li><li>Der Veranstalter \u00fcbt das Hausrecht aus. Den Anweisungen der Veranstalter und ZH Security ist Folge zu leisten, Platzverbote k\u00f6nnen ausgesprochen werden.<\/li><li>Das Mitbringen von Rucks\u00e4cken, Getr\u00e4nken oder Glas ist verboten<\/li><li>Es ist nicht gestattet:<ol type=\"a\" start=\"1\"><li>bauliche oder sonstige Anlagen zu beseitigen, besch\u00e4digen, \u00fcbersteigen oder zu erklettern<\/li><li>Feuerwerksk\u00f6rper, Gasdruckflaschen, pyrotechnische Gegenst\u00e4nde oder Waffen jeglicher Art auf das Gel\u00e4nde zu bringen<\/li><li>das Gel\u00e4nde mit Fahrzeugen ohne Genehmigung zu befahren<\/li><li>nicht f\u00fcr die \u00d6ffentlichkeit bestimmte Bereiche zu betreten<\/li><\/ol><\/li><li>Um 22:00 sind alle unter 16-j\u00e4hrigen (ohne Band), um 24:00 alle unter 18-j\u00e4hrigen (rotes Band) gebeten, das Gel\u00e4nde umgehend zu verlassen<\/li><li>Die B\u00e4ndchen d\u00fcrfen nicht \u00fcbertragen werden.<\/li><li>Wildpinkler auf oder neben dem Gel\u00e4nde werden des Platzes verwiesen.<\/li><\/ol>\n\n\n\n<figure class=\"wp-block-image\"><img loading=\"lazy\" width=\"553\" height=\"467\" src=\"https:\/\/pixxen.de\/wp-content\/uploads\/2019\/05\/319418_453988514631763_967651847_n.jpg\" alt=\"\" class=\"wp-image-94\" srcset=\"https:\/\/pixxen.de\/wp-content\/uploads\/2019\/05\/319418_453988514631763_967651847_n.jpg 553w, https:\/\/pixxen.de\/wp-content\/uploads\/2019\/05\/319418_453988514631763_967651847_n-350x296.jpg 350w, https:\/\/pixxen.de\/wp-content\/uploads\/2019\/05\/319418_453988514631763_967651847_n-300x253.jpg 300w\" sizes=\"(max-width: 553px) 100vw, 553px\" \/><\/figure>\n\n\n\n<p><\/p>\n","protected":false},"excerpt":{"rendered":"<p>Wo gehobelt wird, fallen Sp\u00e4ne? Muss nicht sein. Frei nach dem Motto &#8222;Wir sind hier nicht in Vietnam, hier gibt es Regeln!&#8220; gibt es ein paar Rahmenbedingungen, an die sich alle halten m\u00fcssen, damit alles friedlich abl\u00e4uft. Diese Platzordnung gilt f\u00fcr das gesamte Festivalgel\u00e4nde Festplatz Neukamperfehn Der Veranstalter Pixxen e.V. haftet nicht f\u00fcr Sach- und &hellip; <\/p>\n<p class=\"link-more\"><a href=\"https:\/\/pixxen.de\/index.php\/festival\/platzordnung\/\" class=\"more-link\"><span class=\"screen-reader-text\">\u201ePlatzordnung\u201c<\/span> weiterlesen<\/a><\/p>\n","protected":false},"author":1,"featured_media":0,"parent":16,"menu_order":0,"comment_status":"closed","ping_status":"closed","template":"","meta":[],"_links":{"self":[{"href":"https:\/\/pixxen.de\/index.php\/wp-json\/wp\/v2\/pages\/30"}],"collection":[{"href":"https:\/\/pixxen.de\/index.php\/wp-json\/wp\/v2\/pages"}],"about":[{"href":"https:\/\/pixxen.de\/index.php\/wp-json\/wp\/v2\/types\/page"}],"author":[{"embeddable":true,"href":"https:\/\/pixxen.de\/index.php\/wp-json\/wp\/v2\/users\/1"}],"replies":[{"embeddable":true,"href":"https:\/\/pixxen.de\/index.php\/wp-json\/wp\/v2\/comments?post=30"}],"version-history":[{"count":4,"href":"https:\/\/pixxen.de\/index.php\/wp-json\/wp\/v2\/pages\/30\/revisions"}],"predecessor-version":[{"id":6385,"href":"https:\/\/pixxen.de\/index.php\/wp-json\/wp\/v2\/pages\/30\/revisions\/6385"}],"up":[{"embeddable":true,"href":"https:\/\/pixxen.de\/index.php\/wp-json\/wp\/v2\/pages\/16"}],"wp:attachment":[{"href":"https:\/\/pixxen.de\/index.php\/wp-json\/wp\/v2\/media?parent=30"}],"curies":[{"name":"wp","href":"https:\/\/api.w.org\/{rel}","templated":true}]}}