{"id":32,"date":"2019-05-11T15:00:14","date_gmt":"2019-05-11T15:00:14","guid":{"rendered":"https:\/\/pixxen.de\/?page_id=32"},"modified":"2024-11-11T11:48:55","modified_gmt":"2024-11-11T11:48:55","slug":"presse","status":"publish","type":"page","link":"https:\/\/pixxen.de\/index.php\/info\/presse\/","title":{"rendered":"Presse"},"content":{"rendered":"\n<p>Was w\u00e4re eine Veranstaltung ohne Fotos, Videos und Nachrichten dar\u00fcber in Print- und Onlinemedien? Unten findet ihr daher ein paar fixe Presseinfos.<\/p>\n\n\n\n<p>Fragen zur Akkreditierung, Fotos &amp; Infos per E-Mail an presse@pixxen.de!<\/p>\n\n\n\n<h2> Presseinfo Pixxen e.V. <\/h2>\n\n\n\n<p>Im Jahre 2005 kamen einige 15-J\u00e4hrige auf die Idee, das damals junge Internet zu nutzen, um Party- und Konzertfotos zu ver\u00f6ffentlichen.  Irgendwann fing das 5-k\u00f6pfige Team an, eigene Parties mit \u00fcber 100 Menschen zu organisieren, sp\u00e4ter kamen Konzerte dazu. Im Jahre 2010 entschied sich dann die mittlerweile auf 25 Helfer angewachsene Gruppe dazu, ein Festival zu veranstalten. Das Pixxen Festival war geboren. Fotos werden mittlerweile weniger gemacht, daf\u00fcr liegt der Fokus umso mehr auf der Durchf\u00fchrung des j\u00e4hrlichen Benefizfestivals. Im Jahre 2014 wurde aus dem losen Pixxen Team dann der ehrenamtlich betriebene, gemeinn\u00fctzige Verein Pixxen e.V., welcher mittlerweile \u00fcber 120 Mitglieder hat. Die F\u00f6rderung  der Kunst, Jugend- und Musikkultur in Ostfriesland, sowie die Erhaltung lokaler Tradition sind die festgeschriebenen Vereinszwecke.  Der Verein wird geleitet von einem 7-k\u00f6pfigen Vorstand mit Ressortleitern f\u00fcr weitere Aufgaben. Insgesamt konnte der Verein seit 2010 Spenden in H\u00f6he von 79.500\u20ac \u00fcbergeben.<\/p>\n\n\n\n<h2>Presseinfo Pixxen Festival <\/h2>\n\n\n\n<p>Seit knapp 10 Jahren wirbelt ein junges Team mit dem eint\u00e4gigen Pixxen Festival Ende August j\u00e4hrlich Ostfriesland auf. Das Benefizfestival startete am 15.05.2010 mit ein paar Bands und Djs vor guten 800 Besuchern und hat sich mittlerweile zu einer professionellen Veranstaltung mit 4.000 G\u00e4sten, 3 B\u00fchnen und \u00fcber 20 Bands und Djs entwickelt, dabei aber nie das Auge f\u00fcrs Detail verloren. \u00dcber 140 ehrenamtliche Helfer machen dieses Event f\u00fcr den kleinen Geldbeutel und die ganze Familie m\u00f6glich, erwirtschaften dabei gleichzeitig j\u00e4hrlich gro\u00dfe Spenden f\u00fcr den guten Zweck. So konnte der Verein Pixxen e.V. seit 2010 knapp 80.000\u20ac an Spenden \u00fcbergeben. Gleichzeitig kann so ostfriesischen Nachwuchsbands und aufstrebenden Djs eine B\u00fchne geboten werden, auf der sie sich unter professionellen Umst\u00e4nden einem gro\u00dfen Publikum pr\u00e4sentieren k\u00f6nnen. Im ganzen Ort Neukamperfehn wird f\u00fcr ein Wochenende im August der Au\u00dfnahmezustand verh\u00e4ngt, um einen grandiosen, friedlichen Tag f\u00fcr alle G\u00e4ste m\u00f6glich zu machen! Wie viele andere Veranstaltungen auch, wurde das  Pixxen Festival 2020 als Corona Special mit kleinem Livepublikum und Livestream durchf\u00fchrt. Ende August 2021 durfte das Pixxen Festival dann erstmals in zweit\u00e4giger Form zum 11. Mal wiederkehren. Seit 2023 findet das Festival wieder nur an einem Tag statt.<\/p>\n\n\n\n<h2>Presseinfo Herzkinder OstFriesland e.V.<\/h2>\n\n\n\n<p>Ein Gro\u00dfteil der Spenden geht neben diversen Jugendorganisationen j\u00e4hrlich dem Verein Herzkinder OstFriesland e.V. zu Gute. Der Verein steht als gemeinn\u00fctziger Selbsthilfeverein herzkranken Kindern und ihren Angeh\u00f6rigen \u00fcber die regionalen Grenzen Ostfrieslands hinaus mit Rat und Tat und vielf\u00e4ltiger Unterst\u00fctzung zur Seite. Von Anfang an hielten die Mitglieder vom Pixxen e.V. und dem Freshbeatzteam dieses Vereinsziel als unterst\u00fctzenswert. Jedes 100. Kind wird mit Herzfehler geboren, aber durch unsere Spende k\u00f6nnen wir den Kindern und ihren Familien das Leben ein bisschen sch\u00f6ner und einfacher machen. Dabei sind wir immer wieder begeistert von der Dankbarkeit des Vereins und der Mitglieder, welche uns auch beim Pixxen Festival unterst\u00fctzen. Sp\u00e4testens bei der j\u00e4hrlichen Weihnachtsfeier der Herzkinder sind daher Tr\u00e4nen garantiert. <\/p>\n","protected":false},"excerpt":{"rendered":"<p>Was w\u00e4re eine Veranstaltung ohne Fotos, Videos und Nachrichten dar\u00fcber in Print- und Onlinemedien? Unten findet ihr daher ein paar fixe Presseinfos. Fragen zur Akkreditierung, Fotos &amp; Infos per E-Mail an presse@pixxen.de! Presseinfo Pixxen e.V. Im Jahre 2005 kamen einige 15-J\u00e4hrige auf die Idee, das damals junge Internet zu nutzen, um Party- und Konzertfotos zu &hellip; <\/p>\n<p class=\"link-more\"><a href=\"https:\/\/pixxen.de\/index.php\/info\/presse\/\" class=\"more-link\"><span class=\"screen-reader-text\">\u201ePresse\u201c<\/span> weiterlesen<\/a><\/p>\n","protected":false},"author":1,"featured_media":0,"parent":42,"menu_order":0,"comment_status":"closed","ping_status":"closed","template":"","meta":[],"_links":{"self":[{"href":"https:\/\/pixxen.de\/index.php\/wp-json\/wp\/v2\/pages\/32"}],"collection":[{"href":"https:\/\/pixxen.de\/index.php\/wp-json\/wp\/v2\/pages"}],"about":[{"href":"https:\/\/pixxen.de\/index.php\/wp-json\/wp\/v2\/types\/page"}],"author":[{"embeddable":true,"href":"https:\/\/pixxen.de\/index.php\/wp-json\/wp\/v2\/users\/1"}],"replies":[{"embeddable":true,"href":"https:\/\/pixxen.de\/index.php\/wp-json\/wp\/v2\/comments?post=32"}],"version-history":[{"count":15,"href":"https:\/\/pixxen.de\/index.php\/wp-json\/wp\/v2\/pages\/32\/revisions"}],"predecessor-version":[{"id":6625,"href":"https:\/\/pixxen.de\/index.php\/wp-json\/wp\/v2\/pages\/32\/revisions\/6625"}],"up":[{"embeddable":true,"href":"https:\/\/pixxen.de\/index.php\/wp-json\/wp\/v2\/pages\/42"}],"wp:attachment":[{"href":"https:\/\/pixxen.de\/index.php\/wp-json\/wp\/v2\/media?parent=32"}],"curies":[{"name":"wp","href":"https:\/\/api.w.org\/{rel}","templated":true}]}}