{"id":396,"date":"2019-05-13T07:24:35","date_gmt":"2019-05-13T07:24:35","guid":{"rendered":"https:\/\/pixxen.de\/?page_id=396"},"modified":"2023-05-13T09:57:37","modified_gmt":"2023-05-13T09:57:37","slug":"galerie","status":"publish","type":"page","link":"https:\/\/pixxen.de\/index.php\/galerie\/","title":{"rendered":"Medien"},"content":{"rendered":"\n<p>Die Galerie mit Bildern von 2005 bis 2017 befindet sich derzeit im Wartungsmodus. Wir melden uns, sobald alles wieder l\u00e4uft.<\/p>\n\n\n\n<p>Daf\u00fcr findet ihr im Dropdownmen\u00fc unser <a href=\"https:\/\/pixxen.de\/index.php\/verein\/pressearchiv\/\">Pressearchiv<\/a>, <a href=\"https:\/\/pixxen.de\/index.php\/galerie\/linksammlung\/\">Linksammlungen<\/a> zu einigen Festivals sowie eine Auswahl an Aftermovies!<\/p>\n\n\n\n<figure class=\"wp-block-image\"><img loading=\"lazy\" width=\"718\" height=\"960\" src=\"https:\/\/pixxen.de\/wp-content\/uploads\/2019\/05\/2018_08_27.jpg\" alt=\"\" class=\"wp-image-166\" srcset=\"https:\/\/pixxen.de\/wp-content\/uploads\/2019\/05\/2018_08_27.jpg 718w, https:\/\/pixxen.de\/wp-content\/uploads\/2019\/05\/2018_08_27-350x468.jpg 350w, https:\/\/pixxen.de\/wp-content\/uploads\/2019\/05\/2018_08_27-224x300.jpg 224w\" sizes=\"(max-width: 718px) 100vw, 718px\" \/><\/figure>\n","protected":false},"excerpt":{"rendered":"<p>Die Galerie mit Bildern von 2005 bis 2017 befindet sich derzeit im Wartungsmodus. Wir melden uns, sobald alles wieder l\u00e4uft. Daf\u00fcr findet ihr im Dropdownmen\u00fc unser Pressearchiv, Linksammlungen zu einigen Festivals sowie eine Auswahl an Aftermovies!<\/p>\n","protected":false},"author":2,"featured_media":0,"parent":0,"menu_order":0,"comment_status":"closed","ping_status":"closed","template":"","meta":[],"_links":{"self":[{"href":"https:\/\/pixxen.de\/index.php\/wp-json\/wp\/v2\/pages\/396"}],"collection":[{"href":"https:\/\/pixxen.de\/index.php\/wp-json\/wp\/v2\/pages"}],"about":[{"href":"https:\/\/pixxen.de\/index.php\/wp-json\/wp\/v2\/types\/page"}],"author":[{"embeddable":true,"href":"https:\/\/pixxen.de\/index.php\/wp-json\/wp\/v2\/users\/2"}],"replies":[{"embeddable":true,"href":"https:\/\/pixxen.de\/index.php\/wp-json\/wp\/v2\/comments?post=396"}],"version-history":[{"count":3,"href":"https:\/\/pixxen.de\/index.php\/wp-json\/wp\/v2\/pages\/396\/revisions"}],"predecessor-version":[{"id":6363,"href":"https:\/\/pixxen.de\/index.php\/wp-json\/wp\/v2\/pages\/396\/revisions\/6363"}],"wp:attachment":[{"href":"https:\/\/pixxen.de\/index.php\/wp-json\/wp\/v2\/media?parent=396"}],"curies":[{"name":"wp","href":"https:\/\/api.w.org\/{rel}","templated":true}]}}