{"id":414,"date":"2019-05-13T08:27:17","date_gmt":"2019-05-13T08:27:17","guid":{"rendered":"https:\/\/pixxen.de\/?page_id=414"},"modified":"2023-05-13T11:05:15","modified_gmt":"2023-05-13T11:05:15","slug":"team","status":"publish","type":"page","link":"https:\/\/pixxen.de\/index.php\/team\/","title":{"rendered":"Team"},"content":{"rendered":"\n<p>Hier gibt es Infos zum Pixxenteam und wie du Teil davon werden kannst! Vereinsmitglied wirst du <a href=\"https:\/\/pixxen.de\/index.php\/verein\/mitgliedsantrag\/\">hier<\/a>!<\/p>\n\n\n\n<p>Das Pixxen-Festival kann in seiner ganzen Pracht nur stattfinden, weil eine ganze Menge Leute ihre Freizeit und Arbeitskraft ohne Bezahlung hergeben, um es m\u00f6glich zu machen. Gerade beim Aufbau, Abbau und nat\u00fcrlich am Festivaltag selbst packen derzeit gut 120 Helfer:innen mit an. Dieses gro\u00dfartige Team setzt sich bunt aus alt &amp; jung von nah &amp; fern zusammen.  Die einen Helfer:innen wohnen keine 400 Meter entfernt, die anderen brauchen schon 700 Kilometer Autobahn.<\/p>\n\n\n\n<figure class=\"wp-block-image size-large\"><img loading=\"lazy\" width=\"1024\" height=\"681\" src=\"https:\/\/pixxen.de\/wp-content\/uploads\/2023\/05\/Pixxen_Team_2022-1-1024x681.jpg\" alt=\"\" class=\"wp-image-6388\" srcset=\"https:\/\/pixxen.de\/wp-content\/uploads\/2023\/05\/Pixxen_Team_2022-1-1024x681.jpg 1024w, https:\/\/pixxen.de\/wp-content\/uploads\/2023\/05\/Pixxen_Team_2022-1-300x200.jpg 300w, https:\/\/pixxen.de\/wp-content\/uploads\/2023\/05\/Pixxen_Team_2022-1-768x511.jpg 768w, https:\/\/pixxen.de\/wp-content\/uploads\/2023\/05\/Pixxen_Team_2022-1-350x233.jpg 350w, https:\/\/pixxen.de\/wp-content\/uploads\/2023\/05\/Pixxen_Team_2022-1.jpg 1200w\" sizes=\"(max-width: 767px) 89vw, (max-width: 1000px) 54vw, (max-width: 1071px) 543px, 580px\" \/><figcaption> <em>Das Aufgabengebiet ist vielf\u00e4ltig und grunds\u00e4tzlich k\u00f6nnen wir jede ehrenamtliche Hilfe gebrauchen. <\/em> <\/figcaption><\/figure>\n\n\n\n<p>Beim Aufbau ab Mittwoch werden die Helfer:innen mittels eines Fr\u00fchst\u00fccks dazu gebracht, zu einer angemessenen Zeit zu erscheinen. Dann werden Bauz\u00e4une geschleppt, Buden aufgebaut, Sofas herumgetragen, Pools zusammengesetzt und Dekorationen angebracht.  Die Infrastruktur aus Generatoren, Kabeln, Lampen, Toiletten &amp; Rohren wird fachm\u00e4nnisch durch uns verlegt. Dabei werden Fehler bemerkt, verflucht und dann ausgebessert.\u00a0 Nat\u00fcrlich wird auch die Festivalzeit ein wenig eingel\u00e4utet, schlie\u00dflich muss abends jede Bierzapfanlage einmal getestet werden.<\/p>\n\n\n\n<figure class=\"wp-block-image\"><img loading=\"lazy\" width=\"960\" height=\"960\" src=\"https:\/\/pixxen.de\/wp-content\/uploads\/2019\/08\/69392579_10215912575712703_7549675980852297728_n.jpg\" alt=\"\" class=\"wp-image-591\" srcset=\"https:\/\/pixxen.de\/wp-content\/uploads\/2019\/08\/69392579_10215912575712703_7549675980852297728_n.jpg 960w, https:\/\/pixxen.de\/wp-content\/uploads\/2019\/08\/69392579_10215912575712703_7549675980852297728_n-250x250.jpg 250w, https:\/\/pixxen.de\/wp-content\/uploads\/2019\/08\/69392579_10215912575712703_7549675980852297728_n-100x100.jpg 100w, https:\/\/pixxen.de\/wp-content\/uploads\/2019\/08\/69392579_10215912575712703_7549675980852297728_n-350x350.jpg 350w, https:\/\/pixxen.de\/wp-content\/uploads\/2019\/08\/69392579_10215912575712703_7549675980852297728_n-150x150.jpg 150w, https:\/\/pixxen.de\/wp-content\/uploads\/2019\/08\/69392579_10215912575712703_7549675980852297728_n-300x300.jpg 300w, https:\/\/pixxen.de\/wp-content\/uploads\/2019\/08\/69392579_10215912575712703_7549675980852297728_n-768x768.jpg 768w\" sizes=\"(max-width: 767px) 89vw, (max-width: 1000px) 54vw, (max-width: 1071px) 543px, 580px\" \/><figcaption>Der Getr\u00e4nkeverkauf und die Versorgung der Buden: Eine Aufgabe von vielen!<\/figcaption><\/figure>\n\n\n\n<p>H\u00f6hepunkt der allermeisten Helfer:innen sind dann die Festivaltage selbst. In diverse Teams aufgeteilt wird Schnaps ausgeschenkt, M\u00fcll gesammelt, es werden T-Shirts vertickt, B\u00e4ndchen verteilt, Fotos gemacht, Stromleitungen gerettet, Instrumente und Bierf\u00e4sser geschleppt und das ein oder andere Problem gel\u00f6st.  Man h\u00e4lt gemeinsam durch, unterst\u00fctzt sich und hat zusammen mit den G\u00e4sten und anderen Helfer:innen eine gute Zeit. Dabei steht man keineswegs 16 Stunden non Stop an der Theke. Jeweils Team-intern werden Pausen und Schichten gerecht verteilt, im Notfall ist auf alle Verlass. Den ganzen Tag \u00fcber versorgen unsere Backstage-Feen alle Helfer:innen und Bands mit Essen &amp; Trinken. Dabei ist ein Plausch oder Fotos mit den Bands oder anderen G\u00e4sten nicht nur m\u00f6glich, sondern total normal.<\/p>\n\n\n\n<figure class=\"wp-block-image\"><img loading=\"lazy\" width=\"960\" height=\"720\" src=\"https:\/\/pixxen.de\/wp-content\/uploads\/2019\/08\/69890279_2579697158727544_1228480772596301824_n.jpg\" alt=\"\" class=\"wp-image-589\" srcset=\"https:\/\/pixxen.de\/wp-content\/uploads\/2019\/08\/69890279_2579697158727544_1228480772596301824_n.jpg 960w, https:\/\/pixxen.de\/wp-content\/uploads\/2019\/08\/69890279_2579697158727544_1228480772596301824_n-350x263.jpg 350w, https:\/\/pixxen.de\/wp-content\/uploads\/2019\/08\/69890279_2579697158727544_1228480772596301824_n-300x225.jpg 300w, https:\/\/pixxen.de\/wp-content\/uploads\/2019\/08\/69890279_2579697158727544_1228480772596301824_n-768x576.jpg 768w\" sizes=\"(max-width: 767px) 89vw, (max-width: 1000px) 54vw, (max-width: 1071px) 543px, 580px\" \/><figcaption>Am Ende sollte es besser aussehen, als vorher. Das schaffen wir meistens.<\/figcaption><\/figure>\n\n\n\n<p>Beim Abbau muss aufger\u00e4umt werden. Ab Sonntags 12:00. Und das ist hart. Da braucht man nun nicht drumherum reden \u2013 mitgehangen, mitgefangen. Au\u00dferdem hat es doch etwas seltsam Befriedigendes, wenn am Ende des Tages alles wieder fast so aussieht, als sei nie was gewesen.  <\/p>\n\n\n\n<p>Solltest Du Interesse daran haben, Teil unseres Teams zu werden, so kannst Du Dich gern via E-Mail unter <a href=\"mailto:team@pixxen.de\">team@pixxen.de<\/a> melden! <\/p>\n\n\n\n<figure class=\"wp-block-image\"><img loading=\"lazy\" width=\"904\" height=\"346\" src=\"https:\/\/pixxen.de\/wp-content\/uploads\/2019\/05\/23380147_1659779894052613_559827923854483155_n.png\" alt=\"\" class=\"wp-image-445\" srcset=\"https:\/\/pixxen.de\/wp-content\/uploads\/2019\/05\/23380147_1659779894052613_559827923854483155_n.png 904w, https:\/\/pixxen.de\/wp-content\/uploads\/2019\/05\/23380147_1659779894052613_559827923854483155_n-350x134.png 350w, https:\/\/pixxen.de\/wp-content\/uploads\/2019\/05\/23380147_1659779894052613_559827923854483155_n-300x115.png 300w, https:\/\/pixxen.de\/wp-content\/uploads\/2019\/05\/23380147_1659779894052613_559827923854483155_n-768x294.png 768w\" sizes=\"(max-width: 767px) 89vw, (max-width: 1000px) 54vw, (max-width: 1071px) 543px, 580px\" \/><figcaption>Unsere Helferparties sind legend\u00e4r<\/figcaption><\/figure>\n\n\n\n<p>Wir freuen uns auf Dich!<\/p>\n","protected":false},"excerpt":{"rendered":"<p>Hier gibt es Infos zum Pixxenteam und wie du Teil davon werden kannst! Vereinsmitglied wirst du hier! Das Pixxen-Festival kann in seiner ganzen Pracht nur stattfinden, weil eine ganze Menge Leute ihre Freizeit und Arbeitskraft ohne Bezahlung hergeben, um es m\u00f6glich zu machen. Gerade beim Aufbau, Abbau und nat\u00fcrlich am Festivaltag selbst packen derzeit gut &hellip; <\/p>\n<p class=\"link-more\"><a href=\"https:\/\/pixxen.de\/index.php\/team\/\" class=\"more-link\"><span class=\"screen-reader-text\">\u201eTeam\u201c<\/span> weiterlesen<\/a><\/p>\n","protected":false},"author":2,"featured_media":0,"parent":0,"menu_order":0,"comment_status":"closed","ping_status":"closed","template":"","meta":[],"_links":{"self":[{"href":"https:\/\/pixxen.de\/index.php\/wp-json\/wp\/v2\/pages\/414"}],"collection":[{"href":"https:\/\/pixxen.de\/index.php\/wp-json\/wp\/v2\/pages"}],"about":[{"href":"https:\/\/pixxen.de\/index.php\/wp-json\/wp\/v2\/types\/page"}],"author":[{"embeddable":true,"href":"https:\/\/pixxen.de\/index.php\/wp-json\/wp\/v2\/users\/2"}],"replies":[{"embeddable":true,"href":"https:\/\/pixxen.de\/index.php\/wp-json\/wp\/v2\/comments?post=414"}],"version-history":[{"count":14,"href":"https:\/\/pixxen.de\/index.php\/wp-json\/wp\/v2\/pages\/414\/revisions"}],"predecessor-version":[{"id":6390,"href":"https:\/\/pixxen.de\/index.php\/wp-json\/wp\/v2\/pages\/414\/revisions\/6390"}],"wp:attachment":[{"href":"https:\/\/pixxen.de\/index.php\/wp-json\/wp\/v2\/media?parent=414"}],"curies":[{"name":"wp","href":"https:\/\/api.w.org\/{rel}","templated":true}]}}