{"id":46,"date":"2019-05-11T15:03:51","date_gmt":"2019-05-11T15:03:51","guid":{"rendered":"https:\/\/pixxen.de\/?page_id=46"},"modified":"2023-05-13T11:13:03","modified_gmt":"2023-05-13T11:13:03","slug":"datenschutzerklaerung","status":"publish","type":"page","link":"https:\/\/pixxen.de\/index.php\/info\/datenschutzerklaerung\/","title":{"rendered":"Datenschutzerkl\u00e4rung"},"content":{"rendered":"\n<h2>Pixxen e.V, Neukamperfehn<\/h2>\n\n\n\n<p>Der Pixxen e. V. legt besonderen Wert auf den Schutz eurer personenbezogenen Daten. Eure personenbezogenen Daten werden gem\u00e4\u00df der Europ\u00e4ischen Datenschutzgrundverordnung (EU DS-GVO) und des Bundesdatenschutzgesetz (BDSG, DSGVO) gespeichert.<\/p>\n\n\n\n<p>Wenn ihr unsere Webseite besucht \u00fcbermittelt das Ger\u00e4t, mit dem ihr die Seite aufruft, automatisch Log-Daten (Verbindungsdaten) an unseren Server. Die entsprechenden Informationen bestehen aus dem Namen der Webseite, der Datei, dem aktuellen Datum, der Datenmenge, dem Webbrowser und seiner Version, dem eingesetzten Betriebssystem, dem Domain-Namen eures Internet-Providers, der Referrer-URL als jene Seite, von der ihr auf unsere Seite gewechselt seit, sowie der entsprechenden IP-Adresse. Diese Daten werden gem\u00e4\u00df Telemediengesetz (TMG) anonymisiert gespeichert. Die Erstellung von personenbezogenen Nutzerprofilen ist damit ausgeschlossen.<\/p>\n\n\n\n<p>Die erhobenen Daten werden ausschlie\u00dflich f\u00fcr statistische Auswertungen zum Zweck des Betriebs, der Sicherheit und der Optimierung des Angebotes verwendet. Wir behalten uns jedoch vor, die Protokolldaten nachtr\u00e4glich zu \u00fcberpr\u00fcfen, wenn aufgrund konkreter Anhaltspunkte der berechtigte Verdacht einer rechtswidrigen Nutzung besteht.<\/p>\n\n\n\n<p>Wir setzen in einigen Bereichen der Webseite so genannte <a href=\"https:\/\/pixxen.de\/index.php\/info\/cookie-richtlinie\/\">Cookies<\/a> ein, bspw. um Pr\u00e4ferenzen der Besucher zu erkennen und die Webseite entsprechend optimal gestalten zu k\u00f6nnen. Zur Erreichung einer Erleichterung der Navigation und eines hohen Ma\u00dfes an Benutzerfreundlichkeit der Webseite ist dies erforderlich und ein ideelles Interesse unsererseits liegt hier vor (Art. 6 Abs. 1 lit. f DSGVO).<\/p>\n\n\n\n<p>Wenn ihr uns per<a href=\"https:\/\/pixxen.de\/index.php\/info\/kontakt\/\"> E-Mail<\/a> Anfragen zukommen lasst, werden eure personenbezogenen Angaben zwecks Bearbeitung der Anfrage und ggf. damit verbundene Anschlussfragen bei uns gespeichert. Diese Daten geben wir nicht ohne eure jeweilige Einwilligung weiter.<\/p>\n\n\n\n<p>Die Verarbeitung der in das Kontaktformular eingegebenen Daten erfolgt somit ausschlie\u00dflich auf Grundlage eurer Einwilligung (Art. 6 Abs. 1 lit. a DSGVO).<\/p>\n\n\n\n<p>Die von euch im Kontaktformular eingegebenen Daten verbleiben bei uns, bis ihr uns zur L\u00f6schung auffordert, eure Einwilligung zur Speicherung widerrufen oder der Zweck f\u00fcr die Datenspeicherung entf\u00e4llt (d. h. nach abgeschlossener Bearbeitung eurer Anfrage).<\/p>\n\n\n\n<p>Wenn ihr in der Galerie ein Benutzerkonto per Funktion Registrieren anlegt, werden eure selbst eingegebenen, personenbezogenen Angaben zwecks Erstellung und Erhaltung des Benutzerkontos bei uns gespeichert. Diese Daten geben wir nicht ohne eure jeweilige Einwilligung weiter.<\/p>\n\n\n\n<p>Wenn ihr im WordPress ein Benutzerkonto per Funktion Registrieren anlegt, werden eure selbst eingegebenen, personenbezogenen Angaben zwecks Erstellung und Erhaltung des Benutzerkontos bei uns gespeichert. Diese Daten geben wir nicht ohne eure jeweilige Einwilligung weiter. <\/p>\n\n\n\n<p>Die Verarbeitung der in das Registrierungsformular oder bei sp\u00e4teren \u00c4nderungen eures Benutzerprofils durch vorherige Passworteingabe durch euch eingegebenen Daten erfolgt somit ausschlie\u00dflich auf Grundlage eurer Einwilligung (Art. 6 Abs. 1 lit. a DSGVO).<\/p>\n\n\n\n<p>Die von euch im Formular eingegebenen Daten verbleiben bei uns, bis ihr uns zur L\u00f6schung auffordert, eure Einwilligung zur Speicherung widerrufen oder der Zweck f\u00fcr die Datenspeicherung entf\u00e4llt (d. h. nach L\u00f6schung eures Profils durch euch oder uns).<\/p>\n\n\n\n<p>Wir setzen technische und organisatorische Ma\u00dfnahmen ein, um die von euch zur Verf\u00fcgung gestellten Daten vor zuf\u00e4lligen oder vors\u00e4tzlichen Manipulationen, Verlust, Zerst\u00f6rung oder den Zugriff unberechtigter Personen angemessen zu sch\u00fctzen.<\/p>\n\n\n\n<p>Die auf WordPress angezeigten Bilder pr\u00e4sentieren Veranstaltungen oder Treffen im Sinne einer Versammlung gem\u00e4\u00df \u00a7 23 Abs.1 Nr.3 KUG (Kunsturhebergesetz). Die Ver\u00f6ffentlichung ist hierbei ohne Einwilligung zul\u00e4ssig, auch wenn Gesichter einzelner Personen erkennbar sind.<\/p>\n\n\n\n<p>Ihr habt jederzeit das Recht auf unentgeltliche Auskunft \u00fcber eure gespeicherten personenbezogenen Daten, sowie ein Recht auf Berichtigung, Sperrung und L\u00f6schung dieser Daten. Hierzu sowie zu weiteren Fragen zum Thema personenbezogene Daten k\u00f6nnt ihr euch jederzeit an folgende Adresse wenden: Datenschutz@pixxen.de<\/p>\n\n\n\n<h2>Wir behalten uns vor, diese Datenschutzerkl\u00e4rung k\u00fcnftig zu \u00e4ndern bzw. anzupassen.<\/h2>\n","protected":false},"excerpt":{"rendered":"<p>Pixxen e.V, Neukamperfehn Der Pixxen e. V. legt besonderen Wert auf den Schutz eurer personenbezogenen Daten. Eure personenbezogenen Daten werden gem\u00e4\u00df der Europ\u00e4ischen Datenschutzgrundverordnung (EU DS-GVO) und des Bundesdatenschutzgesetz (BDSG, DSGVO) gespeichert. Wenn ihr unsere Webseite besucht \u00fcbermittelt das Ger\u00e4t, mit dem ihr die Seite aufruft, automatisch Log-Daten (Verbindungsdaten) an unseren Server. Die entsprechenden Informationen &hellip; <\/p>\n<p class=\"link-more\"><a href=\"https:\/\/pixxen.de\/index.php\/info\/datenschutzerklaerung\/\" class=\"more-link\"><span class=\"screen-reader-text\">\u201eDatenschutzerkl\u00e4rung\u201c<\/span> weiterlesen<\/a><\/p>\n","protected":false},"author":1,"featured_media":0,"parent":42,"menu_order":0,"comment_status":"closed","ping_status":"closed","template":"","meta":[],"_links":{"self":[{"href":"https:\/\/pixxen.de\/index.php\/wp-json\/wp\/v2\/pages\/46"}],"collection":[{"href":"https:\/\/pixxen.de\/index.php\/wp-json\/wp\/v2\/pages"}],"about":[{"href":"https:\/\/pixxen.de\/index.php\/wp-json\/wp\/v2\/types\/page"}],"author":[{"embeddable":true,"href":"https:\/\/pixxen.de\/index.php\/wp-json\/wp\/v2\/users\/1"}],"replies":[{"embeddable":true,"href":"https:\/\/pixxen.de\/index.php\/wp-json\/wp\/v2\/comments?post=46"}],"version-history":[{"count":8,"href":"https:\/\/pixxen.de\/index.php\/wp-json\/wp\/v2\/pages\/46\/revisions"}],"predecessor-version":[{"id":6398,"href":"https:\/\/pixxen.de\/index.php\/wp-json\/wp\/v2\/pages\/46\/revisions\/6398"}],"up":[{"embeddable":true,"href":"https:\/\/pixxen.de\/index.php\/wp-json\/wp\/v2\/pages\/42"}],"wp:attachment":[{"href":"https:\/\/pixxen.de\/index.php\/wp-json\/wp\/v2\/media?parent=46"}],"curies":[{"name":"wp","href":"https:\/\/api.w.org\/{rel}","templated":true}]}}