{"id":48,"date":"2019-05-11T15:04:20","date_gmt":"2019-05-11T15:04:20","guid":{"rendered":"https:\/\/pixxen.de\/?page_id=48"},"modified":"2026-04-27T07:27:22","modified_gmt":"2026-04-27T07:27:22","slug":"impressum","status":"publish","type":"page","link":"https:\/\/pixxen.de\/index.php\/info\/impressum\/","title":{"rendered":"Impressum"},"content":{"rendered":"\n<p>Betreiber:  Pixxen e.V, Neukamperfehn<br>Amtsgericht Aurich, Registernummer 200553 <br>Finanzamt Leer, Steuernummer 60\/204\/02626<\/p>\n\n\n\n<h2>Kontakt<\/h2>\n\n\n\n<p>E-Mail Generell: <a href=\"mailto:info@pixxen.de\">info@pixxen.de<\/a><br>E-Mail Festival: <a href=\"mailto:festival@pixxen.de\">festival@pixxen.de<\/a><br>E-Mail Team: <a href=\"mailto:team@pixxen.de\">team@pixxen.de<\/a><br>E-Mail Presse: <a href=\"mailto:presse@pixxen.de\">presse@pixxen.de<\/a><br>E-Mail Sofas: <a href=\"mailto:sofa@pixxen.de\">sofa@pixxen.de<\/a><br>E-Mail Booking: <a href=\"mailto:booking@pixxen.de\">booking@pixxen.de<\/a><br>E-Mail IT &amp; Webhosting: <a href=\"mailte:it@pixxen.de\">it@pixxen.de<\/a><br>E-Mail Datenschutz: <a href=\"mailto:datenschutz@pixxen.de\">datenschutz@pixxen.de<\/a><br>E-Mail Sponsoring: <a href=\"mailto:sponsor@pixxen.de\">sponsor@pixxen.de<\/a> <\/p>\n\n\n\n<p>Web: <a href=\"http:\/\/www.pixxen.de\/\">www.pixxen.de<\/a><\/p>\n\n\n\n<h2>Postadresse<\/h2>\n\n\n\n<p>Pixxen e.V.<br>Angelika Schwabenland<br>Bahnhofstra\u00dfe 51<br>26835 Hesel-Beningafehn<\/p>\n\n\n\n<h2>Vorstand<\/h2>\n\n\n\n<p>1. Vorsitzende: Angelika Schwabenland<br>2. Vorsitzende: Tabea Webermann<br>Kassenwart: Heiner Klaa\u00dfen (Schatzmeister)<br>Schriftf\u00fchrerin: Antje Webermann <br>Pressewartin: Lena Feyen<br>Traditionswart: Heye Schmid (Getr\u00e4nkewart)<br>Grafikbeauftragter: Frederik K\u00f6ster (Beisitzer)<\/p>\n\n\n\n<h2>Ressorts<\/h2>\n\n\n\n<p>Backstage: Ina Webermann<br>Booking &amp; Bandbetreuung: Lisa Koens &amp; Lena Feyen<br>Energie &amp; Versorgung: Heiko St\u00fcbich<br>Teamleitung: Tabea Webermann<br>Sponsoring: Deike Tebbens<br>Umwelt: Hanno Doyen<br>Social Media: Anna K\u00f6ster<br>Deko: Hanna Lena Halle<\/p>\n\n\n\n<h2>Credits<\/h2>\n\n\n\n<p>Umsetzung IT &amp; Hosting: <a href=\"mailto:it@pixxen.de\">Heiko Alexander Weber<\/a> <br>Basis-Template: Twenty Seventeen, Anpassung Jan-Hendrik Webermann<br>Grafiken <a href=\"mailto:info@blnt-grafik.de\">BLNT Grafik<\/a> Steffen Holtz, Frederik K\u00f6ster<\/p>\n\n\n\n<h2>Nutzung von Fotos<\/h2>\n\n\n\n<p>Es ist den Benutzern gestattet, Bilder aus der Galerie auf eurem Computer abzuspeichern und diese in anderen Internetportalen wie z.B. Facebook, MySpace, IRC-Galerie, oder anderen hochzuladen und dort darzustellen. Falls ihr einen Upload t\u00e4tigt, muss allerdings entweder das Wasserzeichen komplett sichtbar sein, oder es muss in der Bildbeschreibung angeben werden, dass das Bild von Pixxen stammt (siehe Urheberrecht).<\/p>\n\n\n\n<h2>Haftung f\u00fcr Inhalte<\/h2>\n\n\n\n<p>Die Inhalte unserer Seiten wurden mit groesster Sorgfalt erstellt.F\u00fcr die Richtigkeit, Vollstaendigkeit und Aktualitaet der Inhalte koennen wir jedoch keine Gewaehr uebernehmen. Als Diensteanbieter sind wir gemaess Paragraph 6 Abs.1 MDStV und Paragraph 8 Abs.1 TDG fuer eigene Inhalte auf diesen Seiten nach den allgemeinen Gesetzen verantwortlich. Diensteanbieter sind jedoch nicht verpflichtet, die von ihnen uebermittelten oder gespeicherten fremden Informationen zu ueberwachen oder nach Umstaenden zu forschen, die auf eine rechtswidrige Taetigkeit hinweisen. Verpflichtungen zur Entfernung oder Sperrung der Nutzung von Informationen nach den allgemeinen Gesetzen bleiben hiervon unberuehrt. Eine diesbezuegliche Haftung ist jedoch erst ab dem Zeitpunkt der Kenntnis einer konkreten Rechtsverletzung moeglich. Bei bekannt werden von entsprechenden Rechtsverletzungen werden wir diese Inhalte umgehend entfernen.<\/p>\n\n\n\n<h2>Haftung f\u00fcr Links<\/h2>\n\n\n\n<p>Unser Angebot enthaelt Links zu externen Webseiten Dritter, auf deren Inhalte wir keinen Einfluss haben. Deshalb koennen wir fuer diese fremden Inhalte auch keine Gewaehr uebernehmen. Fuer die Inhalte der verlinkten Seiten ist stets der jeweilige Anbieter oder Betreiber der Seiten verantwortlich. Die verlinkten Seiten wurden zum Zeitpunkt der Verlinkung auf moegliche Rechtsverstoesse ueberprueft. Rechtswidrige Inhalte waren zum Zeitpunkt der Verlinkung nicht erkennbar. Eine permanente inhaltliche Kontrolle der verlinkten Seiten ist jedoch ohne konkrete Anhaltspunkte einer Rechtsverletzung nicht zumutbar. Bei bekannt werden von Rechtsverletzungen werden wir derartige Links umgehend entfernen.<\/p>\n\n\n\n<h2>Urheberrecht<\/h2>\n\n\n\n<p>Wir sind bemueht, stets die Urheberrechte anderer zu beachten bzw. auf selbst erstellte sowie lizenzfreie Werke zurueckzugreifen. Die durch uns erstellten Inhalte und Werke auf diesen Seiten unterliegen dem deutschen Urheberrecht. Beitraege Dritter sind als solche gekennzeichnet. Die Vervielfaeltigung, Bearbeitung, Verbreitung und jede Art der Verwertung ausserhalb der Grenzen des Urheberrechtes beduerfen der schriftlichen Zustimmung des jeweiligen Autors bzw. Erstellers (siehe: Nutzung von Fotos). Downloads und Kopien dieser Seite sind nur fuer den privaten, nicht kommerziellen Gebrauch gestattet. Alle Bilder von Personen, die nicht mit der Veroeffentlichung dieser einverstanden sind, werden sofort geloescht. Eine E-Mail an info@pixxen.de reicht. Es wird immer groessten Wert darauf gelegt, nur Menschen zu fotografieren, die dies auch moechten. Daher fordern wir unsere Fotografen dazu auf, vor jedem Foto alle beteiligten zu fragen und sie ueber die Veroeffentlichung auf Pixxen zu informieren.<\/p>\n\n\n\n<h2>Nutzungsbedingungen<\/h2>\n\n\n\n<p>Obwohl die Administratoren von Pixxen versuchen, generell alle anst\u00f6ssigen Inhalte so schnell wie m\u00f6glich zu l\u00f6schen oder zu bearbeiten, ist es unm\u00f6glich, jeden Beitrag zu \u00fcberpr\u00fcfen. Daher best\u00e4tigt der Nutzer, dass alle Beitr\u00e4ge auf dieser Seite die Ansichten und Meinungen des Autors widerspiegeln und nicht die des Administrators oder Webmasters (au\u00dfer den Beitr\u00e4gen, die durch sie verfasst wurden) und sie daher daf\u00fcr nicht verantwortlich gemacht werden k\u00f6nnen. Der Nutzer stimmt zu, keine beleidigende, obsz\u00f6ne, vulg\u00e4re, verleumderische, verhetzende, drohende, sexuell-orientierte oder sonstwie illegalen Beitr\u00e4ge in der Galerie zu verfassen. Der Nutzer stimmt zu, dass die Webmaster, Administratoren oder Moderatoren von Pixxen das Recht haben, jeden Inhalt zu l\u00f6schen oder zu \u00e4ndern, bei dem sie es f\u00fcr richtig halten.<\/p>\n\n\n\n<p>Durch die Nutzung der Funktionen von Pixxen stimmt der Nutzer diesen Nutzungsbedingungen zu.<\/p>\n\n\n\n<p>Alle Angaben im Impressum gem\u00e4\u00df \u00a7 5 TMG<\/p>\n","protected":false},"excerpt":{"rendered":"<p>Betreiber: Pixxen e.V, NeukamperfehnAmtsgericht Aurich, Registernummer 200553 Finanzamt Leer, Steuernummer 60\/204\/02626 Kontakt E-Mail Generell: info@pixxen.deE-Mail Festival: festival@pixxen.deE-Mail Team: team@pixxen.deE-Mail Presse: presse@pixxen.deE-Mail Sofas: sofa@pixxen.deE-Mail Booking: booking@pixxen.deE-Mail IT &amp; Webhosting: it@pixxen.deE-Mail Datenschutz: datenschutz@pixxen.deE-Mail Sponsoring: sponsor@pixxen.de Web: www.pixxen.de Postadresse Pixxen e.V.Angelika SchwabenlandBahnhofstra\u00dfe 5126835 Hesel-Beningafehn Vorstand 1. Vorsitzende: Angelika Schwabenland2. Vorsitzende: Tabea WebermannKassenwart: Heiner Klaa\u00dfen (Schatzmeister)Schriftf\u00fchrerin: Antje Webermann Pressewartin: &hellip; <\/p>\n<p class=\"link-more\"><a href=\"https:\/\/pixxen.de\/index.php\/info\/impressum\/\" class=\"more-link\"><span class=\"screen-reader-text\">\u201eImpressum\u201c<\/span> weiterlesen<\/a><\/p>\n","protected":false},"author":1,"featured_media":0,"parent":42,"menu_order":0,"comment_status":"closed","ping_status":"closed","template":"","meta":[],"_links":{"self":[{"href":"https:\/\/pixxen.de\/index.php\/wp-json\/wp\/v2\/pages\/48"}],"collection":[{"href":"https:\/\/pixxen.de\/index.php\/wp-json\/wp\/v2\/pages"}],"about":[{"href":"https:\/\/pixxen.de\/index.php\/wp-json\/wp\/v2\/types\/page"}],"author":[{"embeddable":true,"href":"https:\/\/pixxen.de\/index.php\/wp-json\/wp\/v2\/users\/1"}],"replies":[{"embeddable":true,"href":"https:\/\/pixxen.de\/index.php\/wp-json\/wp\/v2\/comments?post=48"}],"version-history":[{"count":22,"href":"https:\/\/pixxen.de\/index.php\/wp-json\/wp\/v2\/pages\/48\/revisions"}],"predecessor-version":[{"id":6738,"href":"https:\/\/pixxen.de\/index.php\/wp-json\/wp\/v2\/pages\/48\/revisions\/6738"}],"up":[{"embeddable":true,"href":"https:\/\/pixxen.de\/index.php\/wp-json\/wp\/v2\/pages\/42"}],"wp:attachment":[{"href":"https:\/\/pixxen.de\/index.php\/wp-json\/wp\/v2\/media?parent=48"}],"curies":[{"name":"wp","href":"https:\/\/api.w.org\/{rel}","templated":true}]}}