{"id":50,"date":"2019-05-11T15:04:53","date_gmt":"2019-05-11T15:04:53","guid":{"rendered":"https:\/\/pixxen.de\/?page_id=50"},"modified":"2023-05-13T11:09:15","modified_gmt":"2023-05-13T11:09:15","slug":"kontakt","status":"publish","type":"page","link":"https:\/\/pixxen.de\/index.php\/info\/kontakt\/","title":{"rendered":"Kontakt"},"content":{"rendered":"\n<p>Wenn auch recht unpers\u00f6nlich, am besten erreichst du uns per E-Mail. So k\u00f6nnen wir intern schauen, wer sich am Besten um dein Anliegen k\u00fcmmern kann. Alternativ laufen wir uns auf einem der zahlreichen Festivals in der Saison \u00fcber den Weg, dann kann man bei einem Bierchen auch alles beschnacken!<\/p>\n\n\n\n<figure class=\"wp-block-image\"><img loading=\"lazy\" width=\"1024\" height=\"768\" src=\"https:\/\/pixxen.de\/wp-content\/uploads\/2019\/06\/a83cb483-2282-48a3-8351-fca473ef2d6c-1024x768.jpg\" alt=\"\" class=\"wp-image-478\" srcset=\"https:\/\/pixxen.de\/wp-content\/uploads\/2019\/06\/a83cb483-2282-48a3-8351-fca473ef2d6c-1024x768.jpg 1024w, https:\/\/pixxen.de\/wp-content\/uploads\/2019\/06\/a83cb483-2282-48a3-8351-fca473ef2d6c-350x263.jpg 350w, https:\/\/pixxen.de\/wp-content\/uploads\/2019\/06\/a83cb483-2282-48a3-8351-fca473ef2d6c-300x225.jpg 300w, https:\/\/pixxen.de\/wp-content\/uploads\/2019\/06\/a83cb483-2282-48a3-8351-fca473ef2d6c-768x576.jpg 768w, https:\/\/pixxen.de\/wp-content\/uploads\/2019\/06\/a83cb483-2282-48a3-8351-fca473ef2d6c.jpg 1600w\" sizes=\"(max-width: 767px) 89vw, (max-width: 1000px) 54vw, (max-width: 1071px) 543px, 580px\" \/><figcaption>Dank Ehrenamt dauert es vielleicht mal einen Tag bis eine Antwort kommt&#8230;<\/figcaption><\/figure>\n\n\n\n<p>E-Mail Generell:&nbsp;<a href=\"mailto:info@pixxen.de\">info@pixxen.de<\/a><br>E-Mail Spenden: <a href=\"mailto:spenden@pixxen.de\">spenden@pixxen.de<\/a><br>E-Mail Sponsoren: <a href=\"mailto:sponsor@pixxen.de\">sponsor@pixxen.de<\/a><br>E-Mail Festival:&nbsp;<a href=\"mailto:festival@pixxen.de\">festival@pixxen.de<\/a><br>E-Mail Team:&nbsp;<a href=\"mailto:team@pixxen.de\">team@pixxen.de<\/a><br>E-Mail Presse:&nbsp;<a href=\"mailto:presse@pixxen.de\">presse@pixxen.de<\/a><br>E-Mail Sofas:&nbsp;<a href=\"mailto:sofa@pixxen.de\">sofa@pixxen.de<\/a><br>E-Mail Booking:&nbsp;<a href=\"mailto:booking@pixxen.de\">booking@pixxen.de<\/a><br>E-Mail IT:&nbsp;<a href=\"mailto:it@pixxen.de\">it@pixxen.de<\/a><br>E-Mail Datenschutz:&nbsp;<a href=\"mailto:datenschutz@pixxen.de\">datenschutz@pixxen.de<\/a><\/p>\n\n\n\n<p>Weitere Infos im <a href=\"https:\/\/pixxen.de\/index.php\/info\/impressum\/\">Impressum<\/a>, bitte beachte unbedingt unsere <a href=\"https:\/\/pixxen.de\/index.php\/info\/datenschutzerklaerung\/\">Datenschutzerkl\u00e4rung<\/a>! <\/p>\n","protected":false},"excerpt":{"rendered":"<p>Wenn auch recht unpers\u00f6nlich, am besten erreichst du uns per E-Mail. So k\u00f6nnen wir intern schauen, wer sich am Besten um dein Anliegen k\u00fcmmern kann. Alternativ laufen wir uns auf einem der zahlreichen Festivals in der Saison \u00fcber den Weg, dann kann man bei einem Bierchen auch alles beschnacken! E-Mail Generell:&nbsp;info@pixxen.deE-Mail Spenden: spenden@pixxen.deE-Mail Sponsoren: sponsor@pixxen.deE-Mail &hellip; <\/p>\n<p class=\"link-more\"><a href=\"https:\/\/pixxen.de\/index.php\/info\/kontakt\/\" class=\"more-link\"><span class=\"screen-reader-text\">\u201eKontakt\u201c<\/span> weiterlesen<\/a><\/p>\n","protected":false},"author":1,"featured_media":0,"parent":42,"menu_order":0,"comment_status":"closed","ping_status":"closed","template":"","meta":[],"_links":{"self":[{"href":"https:\/\/pixxen.de\/index.php\/wp-json\/wp\/v2\/pages\/50"}],"collection":[{"href":"https:\/\/pixxen.de\/index.php\/wp-json\/wp\/v2\/pages"}],"about":[{"href":"https:\/\/pixxen.de\/index.php\/wp-json\/wp\/v2\/types\/page"}],"author":[{"embeddable":true,"href":"https:\/\/pixxen.de\/index.php\/wp-json\/wp\/v2\/users\/1"}],"replies":[{"embeddable":true,"href":"https:\/\/pixxen.de\/index.php\/wp-json\/wp\/v2\/comments?post=50"}],"version-history":[{"count":10,"href":"https:\/\/pixxen.de\/index.php\/wp-json\/wp\/v2\/pages\/50\/revisions"}],"predecessor-version":[{"id":6393,"href":"https:\/\/pixxen.de\/index.php\/wp-json\/wp\/v2\/pages\/50\/revisions\/6393"}],"up":[{"embeddable":true,"href":"https:\/\/pixxen.de\/index.php\/wp-json\/wp\/v2\/pages\/42"}],"wp:attachment":[{"href":"https:\/\/pixxen.de\/index.php\/wp-json\/wp\/v2\/media?parent=50"}],"curies":[{"name":"wp","href":"https:\/\/api.w.org\/{rel}","templated":true}]}}