{"id":54,"date":"2019-05-11T15:05:33","date_gmt":"2019-05-11T15:05:33","guid":{"rendered":"https:\/\/pixxen.de\/?page_id=54"},"modified":"2023-05-13T10:16:33","modified_gmt":"2023-05-13T10:16:33","slug":"feuerwehr","status":"publish","type":"page","link":"https:\/\/pixxen.de\/index.php\/unterstuetzer\/feuerwehr\/","title":{"rendered":"Feuerwehr"},"content":{"rendered":"\n<h2>Freiwillige Feuerwehr Neukamperfehn<\/h2>\n\n\n\n<p>Von Beginn an dabei ist auch die Freiwillige Feuerwehr Neukamperfehn und ihre Jugendgruppe, die Jugendfeuerwehr. Sie unterst\u00fctzen uns seit jeher bei der Verkehrsregelung, beim Aufstellen von Sicherheits- und Verkehrskonzepten und hatten bis zum Jahr 2017 auch immer ihren Stammplatz auf dem Festivalgel\u00e4nde mit einer eigenen Bratwurstbude. <\/p>\n\n\n\n<figure class=\"wp-block-image\"><img loading=\"lazy\" width=\"960\" height=\"540\" src=\"https:\/\/pixxen.de\/wp-content\/uploads\/2019\/05\/29512524_2026134630968737_9008169048531300712_n.jpg\" alt=\"\" class=\"wp-image-111\" srcset=\"https:\/\/pixxen.de\/wp-content\/uploads\/2019\/05\/29512524_2026134630968737_9008169048531300712_n.jpg 960w, https:\/\/pixxen.de\/wp-content\/uploads\/2019\/05\/29512524_2026134630968737_9008169048531300712_n-350x197.jpg 350w, https:\/\/pixxen.de\/wp-content\/uploads\/2019\/05\/29512524_2026134630968737_9008169048531300712_n-300x169.jpg 300w, https:\/\/pixxen.de\/wp-content\/uploads\/2019\/05\/29512524_2026134630968737_9008169048531300712_n-768x432.jpg 768w\" sizes=\"(max-width: 767px) 89vw, (max-width: 1000px) 54vw, (max-width: 1071px) 543px, 580px\" \/><\/figure>\n\n\n\n<p>Aufgrund steigender Besucherzahlen und damit verbundener Sicherheitsauflagen musste dies aber aufgegeben werden, was dem Enthusiasmus jedes einzelnem aber keinen Abbruch tat und sich nun einfach woanders eingebracht wird. Egal ob als Brandwache, Parkplatzeinweiser oder &#8222;M\u00e4dchen f\u00fcr Alles&#8220;!<\/p>\n\n\n\n<figure class=\"wp-block-image\"><img loading=\"lazy\" width=\"960\" height=\"538\" src=\"https:\/\/pixxen.de\/wp-content\/uploads\/2019\/05\/14568137_1787374064844796_6766664379194176242_n.jpg\" alt=\"\" class=\"wp-image-112\" srcset=\"https:\/\/pixxen.de\/wp-content\/uploads\/2019\/05\/14568137_1787374064844796_6766664379194176242_n.jpg 960w, https:\/\/pixxen.de\/wp-content\/uploads\/2019\/05\/14568137_1787374064844796_6766664379194176242_n-350x196.jpg 350w, https:\/\/pixxen.de\/wp-content\/uploads\/2019\/05\/14568137_1787374064844796_6766664379194176242_n-300x168.jpg 300w, https:\/\/pixxen.de\/wp-content\/uploads\/2019\/05\/14568137_1787374064844796_6766664379194176242_n-768x430.jpg 768w\" sizes=\"(max-width: 767px) 89vw, (max-width: 1000px) 54vw, (max-width: 1071px) 543px, 580px\" \/><\/figure>\n\n\n\n<p>Ohne die Hilfe der Freiwilligen Feuerwehr w\u00e4re das Pixxen Festival in seiner jetzigen Form nicht realisierbar. Wir revanchieren uns jedes Jahr mit einem grandiosen Auftritt bei den Eimerfestspielen unserer Feuerwehr!<\/p>\n\n\n\n<h2>Wir als Pixxen e.V. sind dankbar f\u00fcr die Hilfe jeder Feuerwehrfrau und jedes Feuerwehrmannes, die einen gro\u00dfen Teil dazu beitragen, dass Jahr f\u00fcr Jahr alles glattl\u00e4uft.<\/h2>\n","protected":false},"excerpt":{"rendered":"<p>Freiwillige Feuerwehr Neukamperfehn Von Beginn an dabei ist auch die Freiwillige Feuerwehr Neukamperfehn und ihre Jugendgruppe, die Jugendfeuerwehr. Sie unterst\u00fctzen uns seit jeher bei der Verkehrsregelung, beim Aufstellen von Sicherheits- und Verkehrskonzepten und hatten bis zum Jahr 2017 auch immer ihren Stammplatz auf dem Festivalgel\u00e4nde mit einer eigenen Bratwurstbude. Aufgrund steigender Besucherzahlen und damit verbundener &hellip; <\/p>\n<p class=\"link-more\"><a href=\"https:\/\/pixxen.de\/index.php\/unterstuetzer\/feuerwehr\/\" class=\"more-link\"><span class=\"screen-reader-text\">\u201eFeuerwehr\u201c<\/span> weiterlesen<\/a><\/p>\n","protected":false},"author":1,"featured_media":0,"parent":52,"menu_order":0,"comment_status":"closed","ping_status":"closed","template":"","meta":[],"_links":{"self":[{"href":"https:\/\/pixxen.de\/index.php\/wp-json\/wp\/v2\/pages\/54"}],"collection":[{"href":"https:\/\/pixxen.de\/index.php\/wp-json\/wp\/v2\/pages"}],"about":[{"href":"https:\/\/pixxen.de\/index.php\/wp-json\/wp\/v2\/types\/page"}],"author":[{"embeddable":true,"href":"https:\/\/pixxen.de\/index.php\/wp-json\/wp\/v2\/users\/1"}],"replies":[{"embeddable":true,"href":"https:\/\/pixxen.de\/index.php\/wp-json\/wp\/v2\/comments?post=54"}],"version-history":[{"count":3,"href":"https:\/\/pixxen.de\/index.php\/wp-json\/wp\/v2\/pages\/54\/revisions"}],"predecessor-version":[{"id":6372,"href":"https:\/\/pixxen.de\/index.php\/wp-json\/wp\/v2\/pages\/54\/revisions\/6372"}],"up":[{"embeddable":true,"href":"https:\/\/pixxen.de\/index.php\/wp-json\/wp\/v2\/pages\/52"}],"wp:attachment":[{"href":"https:\/\/pixxen.de\/index.php\/wp-json\/wp\/v2\/media?parent=54"}],"curies":[{"name":"wp","href":"https:\/\/api.w.org\/{rel}","templated":true}]}}