{"id":5766,"date":"2020-07-15T10:04:45","date_gmt":"2020-07-15T10:04:45","guid":{"rendered":"https:\/\/pixxen.de\/?page_id=5766"},"modified":"2020-08-18T13:05:33","modified_gmt":"2020-08-18T13:05:33","slug":"2020-2","status":"publish","type":"page","link":"https:\/\/pixxen.de\/index.php\/2020-2\/","title":{"rendered":"2020"},"content":{"rendered":"\n<div class=\"wp-block-media-text alignwide is-stacked-on-mobile\" style=\"grid-template-columns:23% auto\"><figure class=\"wp-block-media-text__media\"><img loading=\"lazy\" width=\"724\" height=\"1024\" src=\"https:\/\/pixxen.de\/wp-content\/uploads\/2020\/08\/coronaxPixxen_plakat_2020-724x1024.jpg\" alt=\"\" class=\"wp-image-5807\" srcset=\"https:\/\/pixxen.de\/wp-content\/uploads\/2020\/08\/coronaxPixxen_plakat_2020-724x1024.jpg 724w, https:\/\/pixxen.de\/wp-content\/uploads\/2020\/08\/coronaxPixxen_plakat_2020-212x300.jpg 212w, https:\/\/pixxen.de\/wp-content\/uploads\/2020\/08\/coronaxPixxen_plakat_2020-768x1086.jpg 768w, https:\/\/pixxen.de\/wp-content\/uploads\/2020\/08\/coronaxPixxen_plakat_2020-1086x1536.jpg 1086w, https:\/\/pixxen.de\/wp-content\/uploads\/2020\/08\/coronaxPixxen_plakat_2020-1448x2048.jpg 1448w, https:\/\/pixxen.de\/wp-content\/uploads\/2020\/08\/coronaxPixxen_plakat_2020-350x495.jpg 350w, https:\/\/pixxen.de\/wp-content\/uploads\/2020\/08\/coronaxPixxen_plakat_2020-scaled.jpg 1810w\" sizes=\"(max-width: 724px) 100vw, 724px\" \/><\/figure><div class=\"wp-block-media-text__content\">\n<p>Es gibt einen kostenlosen Livestream, \u00dcbertragung des Konzerts mit <a href=\"https:\/\/pixxen.de\/index.php\/unterstuetzer\/freshbeatz\/\">Freshbeatz<\/a>aftershowparty von 19:00 bis 24:00!<br>Den Stream gibts auf Twitch, Facebook &amp; Youtube, Links seht ihr hier:<\/p>\n<\/div><\/div>\n\n\n\n<h2>-> <a href=\"https:\/\/www.facebook.com\/Pixxenfestival\/live\/\">Livestream Facebook<\/a> &#8211; <a href=\"https:\/\/www.youtube.com\/c\/pixxenvideo\">Livestream Youtube<\/a> &#8211; <a href=\"https:\/\/www.twitch.tv\/pixxenfestival\">Livestream Twitch<\/a> &lt;-<\/h2>\n\n\n\n<figure class=\"wp-block-image size-large\"><img loading=\"lazy\" width=\"1024\" height=\"233\" src=\"https:\/\/pixxen.de\/wp-content\/uploads\/2020\/07\/Unbenannt-1024x233.png\" alt=\"\" class=\"wp-image-5778\" srcset=\"https:\/\/pixxen.de\/wp-content\/uploads\/2020\/07\/Unbenannt-1024x233.png 1024w, https:\/\/pixxen.de\/wp-content\/uploads\/2020\/07\/Unbenannt-300x68.png 300w, https:\/\/pixxen.de\/wp-content\/uploads\/2020\/07\/Unbenannt-768x174.png 768w, https:\/\/pixxen.de\/wp-content\/uploads\/2020\/07\/Unbenannt-1536x349.png 1536w, https:\/\/pixxen.de\/wp-content\/uploads\/2020\/07\/Unbenannt-350x79.png 350w, https:\/\/pixxen.de\/wp-content\/uploads\/2020\/07\/Unbenannt.png 1814w\" sizes=\"(max-width: 767px) 89vw, (max-width: 1000px) 54vw, (max-width: 1071px) 543px, 580px\" \/><figcaption>Das Ihler, <a href=\"https:\/\/www.roxx4u.de\/\">Roxx4U<\/a>, <a href=\"https:\/\/de-de.facebook.com\/catapultsband\/?ref=page_internal\">Catapults<\/a><\/figcaption><\/figure>\n\n\n\n<h2>Da wir am Wochenende quasi 3 Sachen gleichzeitig vor haben, hier nochmal eine kleine \u00dcbersicht, was eigentlich abgeht!<\/h2>\n\n\n\n<div class=\"wp-block-media-text alignwide is-stacked-on-mobile\"><figure class=\"wp-block-media-text__media\"><img loading=\"lazy\" width=\"357\" height=\"311\" src=\"https:\/\/pixxen.de\/wp-content\/uploads\/2020\/08\/image.png\" alt=\"\" class=\"wp-image-5829\" srcset=\"https:\/\/pixxen.de\/wp-content\/uploads\/2020\/08\/image.png 357w, https:\/\/pixxen.de\/wp-content\/uploads\/2020\/08\/image-300x261.png 300w, https:\/\/pixxen.de\/wp-content\/uploads\/2020\/08\/image-350x305.png 350w\" sizes=\"(max-width: 357px) 100vw, 357px\" \/><\/figure><div class=\"wp-block-media-text__content\">\n<p>1. KONZERT<br>Einmal gibt es das -ausverkaufte- Livekonzert an 10er Tischen mit Catapults, ROXX 4 U &amp; Das Ihler in Neukamperfehn. Hier ist Einlass ab 18:00 \u00fcber den Parkplatz von Baumanns Gasthof. Beginn ist um 19:00 und Ende der Livemusik mit kleinen und gro\u00dfen \u00dcberraschungen um 22:00. Danach klingt der Abend langsam aus, damit niemand direkt abstandslos nach Hause str\u00f6men muss!->F\u00fcr das Konzert gilt: Nicht kommen, wenn du kein Ticket hast! Dazu Abstand halten beim Anstehen, Bedienung nur am Platz, Maske auf auf dem Gang zur Toilette, Einhalten der AHA-&amp; Hygieneregeln inklusive.<\/p>\n<\/div><\/div>\n\n\n\n<div class=\"wp-block-media-text alignwide has-media-on-the-right is-stacked-on-mobile\"><figure class=\"wp-block-media-text__media\"><img loading=\"lazy\" width=\"272\" height=\"237\" src=\"https:\/\/pixxen.de\/wp-content\/uploads\/2020\/08\/image-2.png\" alt=\"\" class=\"wp-image-5831\"\/><\/figure><div class=\"wp-block-media-text__content\">\n<p>2. LIVESTREAM<br>Dazu wird das ganze Konzert Live \u00fcbertragen als Livestream auf Facebook, Twitch &amp; Youtube. In diesem Livestream von etwa 19:00-24:00 findet auch die FreshBeatz Party-Aftershow statt. Diese wird an einem geheimen Ort ohne Publikum aufgezeichnet. ->F\u00fcr den Livestream gilt: Triff dich ruhig mit Freunden, aber nat\u00fcrlich unter Einhaltung der f\u00fcr deine Region g\u00fcltigen Coronaregeln und der g\u00e4ngigen AHA-Formeln! Habt ne geile Zeit, seid nett im Livechat, oder zumindest witzig.<\/p>\n<\/div><\/div>\n\n\n\n<div class=\"wp-block-media-text alignwide is-stacked-on-mobile\"><figure class=\"wp-block-media-text__media\"><img loading=\"lazy\" width=\"334\" height=\"233\" src=\"https:\/\/pixxen.de\/wp-content\/uploads\/2020\/08\/image-1.png\" alt=\"\" class=\"wp-image-5830\" srcset=\"https:\/\/pixxen.de\/wp-content\/uploads\/2020\/08\/image-1.png 334w, https:\/\/pixxen.de\/wp-content\/uploads\/2020\/08\/image-1-300x209.png 300w\" sizes=\"(max-width: 334px) 100vw, 334px\" \/><\/figure><div class=\"wp-block-media-text__content\">\n<p>3. SPENDEN<br>Dazu gibts eine dicke Spendensammlung \u00fcber T-Shirtverkauf, Spendenaufrufe \u00fcber Paypal im Livestream und \u00fcber die gute alte Spardose beim Livekonzert! Wir hoffen viel f\u00fcr die Herzkinder OstFriesland e.V. sammeln zu k\u00f6nnen, helft uns bitte dabei! Wir hoffen der kleine Ticketpreise und der sogar kostenlose Livestream lassen die Kohle bisschen lockerer sitzen!->Hier gilt wie immer: Alles f\u00fcr den Guten Swag! Dazu kostenloser Versand f\u00fcr unsere Special Corona Edition Shirt \u00fcber das ganze Wochenende!<\/p>\n<\/div><\/div>\n","protected":false},"excerpt":{"rendered":"<p>Es gibt einen kostenlosen Livestream, \u00dcbertragung des Konzerts mit Freshbeatzaftershowparty von 19:00 bis 24:00!Den Stream gibts auf Twitch, Facebook &amp; Youtube, Links seht ihr hier: -> Livestream Facebook &#8211; Livestream Youtube &#8211; Livestream Twitch &lt;- Da wir am Wochenende quasi 3 Sachen gleichzeitig vor haben, hier nochmal eine kleine \u00dcbersicht, was eigentlich abgeht! 1. KONZERTEinmal &hellip; <\/p>\n<p class=\"link-more\"><a href=\"https:\/\/pixxen.de\/index.php\/2020-2\/\" class=\"more-link\"><span class=\"screen-reader-text\">\u201e2020\u201c<\/span> weiterlesen<\/a><\/p>\n","protected":false},"author":2,"featured_media":0,"parent":0,"menu_order":0,"comment_status":"closed","ping_status":"closed","template":"","meta":[],"_links":{"self":[{"href":"https:\/\/pixxen.de\/index.php\/wp-json\/wp\/v2\/pages\/5766"}],"collection":[{"href":"https:\/\/pixxen.de\/index.php\/wp-json\/wp\/v2\/pages"}],"about":[{"href":"https:\/\/pixxen.de\/index.php\/wp-json\/wp\/v2\/types\/page"}],"author":[{"embeddable":true,"href":"https:\/\/pixxen.de\/index.php\/wp-json\/wp\/v2\/users\/2"}],"replies":[{"embeddable":true,"href":"https:\/\/pixxen.de\/index.php\/wp-json\/wp\/v2\/comments?post=5766"}],"version-history":[{"count":16,"href":"https:\/\/pixxen.de\/index.php\/wp-json\/wp\/v2\/pages\/5766\/revisions"}],"predecessor-version":[{"id":5836,"href":"https:\/\/pixxen.de\/index.php\/wp-json\/wp\/v2\/pages\/5766\/revisions\/5836"}],"wp:attachment":[{"href":"https:\/\/pixxen.de\/index.php\/wp-json\/wp\/v2\/media?parent=5766"}],"curies":[{"name":"wp","href":"https:\/\/api.w.org\/{rel}","templated":true}]}}