{"id":582,"date":"2019-08-27T11:29:03","date_gmt":"2019-08-27T11:29:03","guid":{"rendered":"https:\/\/pixxen.de\/?page_id=582"},"modified":"2024-11-11T11:21:12","modified_gmt":"2024-11-11T11:21:12","slug":"spenden","status":"publish","type":"page","link":"https:\/\/pixxen.de\/index.php\/unterstuetzer\/spenden\/","title":{"rendered":"Spenden"},"content":{"rendered":"\n<p>Als gemeinn\u00fctziger Verein sind wir in der Lage spenden zu empfangen. Ein Gro\u00dfteil der Vorfinanzierung des Festivals und der Finanzierung der laufenden Kosten kann mit Spenden abgedeckt werden und erm\u00f6glicht uns so unsere Arbeit, f\u00fchrt gleichzeitig aber auch zu einer h\u00f6heren Spendensumme f\u00fcr die <a href=\"https:\/\/pixxen.de\/index.php\/unterstuetzer\/herzkinder\/\">Herzkinder<\/a> und andere Einrichtungen.<\/p>\n\n\n\n<p>Insgesamt konnten wir von 2010 bis 2024 Spenden in H\u00f6he von knapp 80.000\u20ac \u00fcbergeben!<\/p>\n\n\n\n<figure class=\"wp-block-image\"><img loading=\"lazy\" width=\"960\" height=\"508\" src=\"https:\/\/pixxen.de\/wp-content\/uploads\/2019\/08\/23032879_1653559071341362_4555128949724562419_n.jpg\" alt=\"\" class=\"wp-image-584\" srcset=\"https:\/\/pixxen.de\/wp-content\/uploads\/2019\/08\/23032879_1653559071341362_4555128949724562419_n.jpg 960w, https:\/\/pixxen.de\/wp-content\/uploads\/2019\/08\/23032879_1653559071341362_4555128949724562419_n-350x185.jpg 350w, https:\/\/pixxen.de\/wp-content\/uploads\/2019\/08\/23032879_1653559071341362_4555128949724562419_n-300x159.jpg 300w, https:\/\/pixxen.de\/wp-content\/uploads\/2019\/08\/23032879_1653559071341362_4555128949724562419_n-768x406.jpg 768w\" sizes=\"(max-width: 767px) 89vw, (max-width: 1000px) 54vw, (max-width: 1071px) 543px, 580px\" \/><figcaption>2017 konnten wir eine Rekordspende \u00fcbergeben.<\/figcaption><\/figure>\n\n\n\n<p>Gerne nehmen wir auch Eure Spende an. Dabei kommt es nicht darauf an, ob es 5\u20ac oder eine riesige Summe sind, jeder einzelne \u20acuro hilft. Gerne stellen wir eine Spendenquittung aus.<\/p>\n\n\n\n<figure class=\"wp-block-image\"><img loading=\"lazy\" width=\"960\" height=\"720\" src=\"https:\/\/pixxen.de\/wp-content\/uploads\/2019\/11\/73302963_2748976791799579_6923655214373273600_n.jpg\" alt=\"\" class=\"wp-image-1908\" srcset=\"https:\/\/pixxen.de\/wp-content\/uploads\/2019\/11\/73302963_2748976791799579_6923655214373273600_n.jpg 960w, https:\/\/pixxen.de\/wp-content\/uploads\/2019\/11\/73302963_2748976791799579_6923655214373273600_n-300x225.jpg 300w, https:\/\/pixxen.de\/wp-content\/uploads\/2019\/11\/73302963_2748976791799579_6923655214373273600_n-768x576.jpg 768w, https:\/\/pixxen.de\/wp-content\/uploads\/2019\/11\/73302963_2748976791799579_6923655214373273600_n-350x263.jpg 350w\" sizes=\"(max-width: 767px) 89vw, (max-width: 1000px) 54vw, (max-width: 1071px) 543px, 580px\" \/><figcaption>2019 folgte die n\u00e4chste Rekordspende!<\/figcaption><\/figure>\n\n\n\n<p>Aus Sicherheitsgr\u00fcnden haben wir unsere Kontodaten nicht online hinterlegt. Schicken Sie bitte eine E-Mail an <a href=\"mailto:spenden@pixxen.de\">spenden@pixxen.de<\/a> mit dem Betreff &#8222;Spende&#8220;, dann gibt es dort alle n\u00f6tigen Informationen.<\/p>\n\n\n\n<figure class=\"wp-block-image\"><img loading=\"lazy\" width=\"960\" height=\"720\" src=\"https:\/\/pixxen.de\/wp-content\/uploads\/2019\/08\/69209173_2559761274054466_8779556212707426304_n.jpg\" alt=\"\" class=\"wp-image-583\" srcset=\"https:\/\/pixxen.de\/wp-content\/uploads\/2019\/08\/69209173_2559761274054466_8779556212707426304_n.jpg 960w, https:\/\/pixxen.de\/wp-content\/uploads\/2019\/08\/69209173_2559761274054466_8779556212707426304_n-350x263.jpg 350w, https:\/\/pixxen.de\/wp-content\/uploads\/2019\/08\/69209173_2559761274054466_8779556212707426304_n-300x225.jpg 300w, https:\/\/pixxen.de\/wp-content\/uploads\/2019\/08\/69209173_2559761274054466_8779556212707426304_n-768x576.jpg 768w\" sizes=\"(max-width: 767px) 89vw, (max-width: 1000px) 54vw, (max-width: 1071px) 543px, 580px\" \/><figcaption>Die Senger Gruppe unterst\u00fctzt uns 2019 gro\u00dfartig mit 2 Sprintern w\u00e4hrend des Festivals.<\/figcaption><\/figure>\n\n\n\n<p>Wir sind immer dankbar f\u00fcr jede Art von Unterst\u00fctzung. Auch Sachspenden oder die \u00dcberlassung von Werkzeug o.\u00e4. k\u00f6nnen gro\u00dfe Wirkung f\u00fcr uns haben. Daf\u00fcr am besten eine kurze E-Mail an <a href=\"mailto:sponsor@pixxen.de\">sponsor@pixxen.de<\/a> schicken!<\/p>\n","protected":false},"excerpt":{"rendered":"<p>Als gemeinn\u00fctziger Verein sind wir in der Lage spenden zu empfangen. Ein Gro\u00dfteil der Vorfinanzierung des Festivals und der Finanzierung der laufenden Kosten kann mit Spenden abgedeckt werden und erm\u00f6glicht uns so unsere Arbeit, f\u00fchrt gleichzeitig aber auch zu einer h\u00f6heren Spendensumme f\u00fcr die Herzkinder und andere Einrichtungen. Insgesamt konnten wir von 2010 bis 2024 &hellip; <\/p>\n<p class=\"link-more\"><a href=\"https:\/\/pixxen.de\/index.php\/unterstuetzer\/spenden\/\" class=\"more-link\"><span class=\"screen-reader-text\">\u201eSpenden\u201c<\/span> weiterlesen<\/a><\/p>\n","protected":false},"author":2,"featured_media":0,"parent":52,"menu_order":0,"comment_status":"closed","ping_status":"closed","template":"","meta":[],"_links":{"self":[{"href":"https:\/\/pixxen.de\/index.php\/wp-json\/wp\/v2\/pages\/582"}],"collection":[{"href":"https:\/\/pixxen.de\/index.php\/wp-json\/wp\/v2\/pages"}],"about":[{"href":"https:\/\/pixxen.de\/index.php\/wp-json\/wp\/v2\/types\/page"}],"author":[{"embeddable":true,"href":"https:\/\/pixxen.de\/index.php\/wp-json\/wp\/v2\/users\/2"}],"replies":[{"embeddable":true,"href":"https:\/\/pixxen.de\/index.php\/wp-json\/wp\/v2\/comments?post=582"}],"version-history":[{"count":9,"href":"https:\/\/pixxen.de\/index.php\/wp-json\/wp\/v2\/pages\/582\/revisions"}],"predecessor-version":[{"id":6613,"href":"https:\/\/pixxen.de\/index.php\/wp-json\/wp\/v2\/pages\/582\/revisions\/6613"}],"up":[{"embeddable":true,"href":"https:\/\/pixxen.de\/index.php\/wp-json\/wp\/v2\/pages\/52"}],"wp:attachment":[{"href":"https:\/\/pixxen.de\/index.php\/wp-json\/wp\/v2\/media?parent=582"}],"curies":[{"name":"wp","href":"https:\/\/api.w.org\/{rel}","templated":true}]}}