{"id":6069,"date":"2021-10-20T09:38:40","date_gmt":"2021-10-20T09:38:40","guid":{"rendered":"https:\/\/pixxen.de\/?page_id=6069"},"modified":"2023-05-13T10:16:34","modified_gmt":"2023-05-13T10:16:34","slug":"deutsches-rotes-kreuz","status":"publish","type":"page","link":"https:\/\/pixxen.de\/index.php\/deutsches-rotes-kreuz\/","title":{"rendered":"Deutsches Rotes Kreuz"},"content":{"rendered":"\n<p>Bereits seit dem 1. Pixxen Festival im Jahre 2010 unterst\u00fctzt uns das DRK vor Ort tatkr\u00e4ftig. Sie sichern nicht zuletzt die Besucher ab, sodass diese sorgenlos feiern k\u00f6nnen!<\/p>\n\n\n\n<figure class=\"wp-block-image size-large\"><img loading=\"lazy\" width=\"1024\" height=\"682\" src=\"https:\/\/pixxen.de\/wp-content\/uploads\/2021\/10\/236512528_331321418574996_208448417304220133_n-1024x682.jpg\" alt=\"\" class=\"wp-image-6070\" srcset=\"https:\/\/pixxen.de\/wp-content\/uploads\/2021\/10\/236512528_331321418574996_208448417304220133_n-1024x682.jpg 1024w, https:\/\/pixxen.de\/wp-content\/uploads\/2021\/10\/236512528_331321418574996_208448417304220133_n-300x200.jpg 300w, https:\/\/pixxen.de\/wp-content\/uploads\/2021\/10\/236512528_331321418574996_208448417304220133_n-768x511.jpg 768w, https:\/\/pixxen.de\/wp-content\/uploads\/2021\/10\/236512528_331321418574996_208448417304220133_n-1536x1022.jpg 1536w, https:\/\/pixxen.de\/wp-content\/uploads\/2021\/10\/236512528_331321418574996_208448417304220133_n-350x233.jpg 350w, https:\/\/pixxen.de\/wp-content\/uploads\/2021\/10\/236512528_331321418574996_208448417304220133_n.jpg 2048w\" sizes=\"(max-width: 767px) 89vw, (max-width: 1000px) 54vw, (max-width: 1071px) 543px, 580px\" \/><\/figure>\n","protected":false},"excerpt":{"rendered":"<p>Bereits seit dem 1. Pixxen Festival im Jahre 2010 unterst\u00fctzt uns das DRK vor Ort tatkr\u00e4ftig. Sie sichern nicht zuletzt die Besucher ab, sodass diese sorgenlos feiern k\u00f6nnen!<\/p>\n","protected":false},"author":2,"featured_media":0,"parent":0,"menu_order":0,"comment_status":"closed","ping_status":"closed","template":"","meta":[],"_links":{"self":[{"href":"https:\/\/pixxen.de\/index.php\/wp-json\/wp\/v2\/pages\/6069"}],"collection":[{"href":"https:\/\/pixxen.de\/index.php\/wp-json\/wp\/v2\/pages"}],"about":[{"href":"https:\/\/pixxen.de\/index.php\/wp-json\/wp\/v2\/types\/page"}],"author":[{"embeddable":true,"href":"https:\/\/pixxen.de\/index.php\/wp-json\/wp\/v2\/users\/2"}],"replies":[{"embeddable":true,"href":"https:\/\/pixxen.de\/index.php\/wp-json\/wp\/v2\/comments?post=6069"}],"version-history":[{"count":1,"href":"https:\/\/pixxen.de\/index.php\/wp-json\/wp\/v2\/pages\/6069\/revisions"}],"predecessor-version":[{"id":6071,"href":"https:\/\/pixxen.de\/index.php\/wp-json\/wp\/v2\/pages\/6069\/revisions\/6071"}],"wp:attachment":[{"href":"https:\/\/pixxen.de\/index.php\/wp-json\/wp\/v2\/media?parent=6069"}],"curies":[{"name":"wp","href":"https:\/\/api.w.org\/{rel}","templated":true}]}}